{"id":110,"date":"2013-01-06T15:13:36","date_gmt":"2013-01-06T15:13:36","guid":{"rendered":"http:\/\/www.montannispolecnost.cz\/elvira\/?page_id=110"},"modified":"2017-11-10T12:08:58","modified_gmt":"2017-11-10T12:08:58","slug":"galerie-dtp","status":"publish","type":"page","link":"http:\/\/www.studiolinka.cz\/?page_id=110","title":{"rendered":"Galerie DTP"},"content":{"rendered":"<p>R\u016fzn\u00e9 (kalend\u00e1\u0159e, plak\u00e1ty, let\u00e1ky, vizitky, krabicov\u00e9 obaly):<\/p>\n<div id='gallery-1' class='gallery galleryid-110 gallery-columns-7 gallery-size-medium'><figure class='gallery-item'>\n\t\t\t<div class='gallery-icon landscape'>\n\t\t\t\t<a href='http:\/\/www.studiolinka.cz\/wp-content\/uploads\/2013\/01\/kalend4-1.jpg'><img loading=\"lazy\" decoding=\"async\" width=\"300\" height=\"200\" src=\"http:\/\/www.studiolinka.cz\/wp-content\/uploads\/2013\/01\/kalend4-1-300x200.jpg\" class=\"attachment-medium size-medium\" alt=\"\" srcset=\"http:\/\/www.studiolinka.cz\/wp-content\/uploads\/2013\/01\/kalend4-1-300x200.jpg 300w, http:\/\/www.studiolinka.cz\/wp-content\/uploads\/2013\/01\/kalend4-1-768x512.jpg 768w, http:\/\/www.studiolinka.cz\/wp-content\/uploads\/2013\/01\/kalend4-1-1024x683.jpg 1024w, http:\/\/www.studiolinka.cz\/wp-content\/uploads\/2013\/01\/kalend4-1.jpg 1771w\" sizes=\"auto, (max-width: 300px) 100vw, 300px\" \/><\/a>\n\t\t\t<\/div><\/figure><figure class='gallery-item'>\n\t\t\t<div class='gallery-icon landscape'>\n\t\t\t\t<a href='http:\/\/www.studiolinka.cz\/wp-content\/uploads\/2013\/01\/kalend3-1.jpg'><img loading=\"lazy\" decoding=\"async\" width=\"300\" height=\"200\" src=\"http:\/\/www.studiolinka.cz\/wp-content\/uploads\/2013\/01\/kalend3-1-300x200.jpg\" class=\"attachment-medium size-medium\" alt=\"\" srcset=\"http:\/\/www.studiolinka.cz\/wp-content\/uploads\/2013\/01\/kalend3-1-300x200.jpg 300w, http:\/\/www.studiolinka.cz\/wp-content\/uploads\/2013\/01\/kalend3-1-768x512.jpg 768w, http:\/\/www.studiolinka.cz\/wp-content\/uploads\/2013\/01\/kalend3-1-1024x683.jpg 1024w, http:\/\/www.studiolinka.cz\/wp-content\/uploads\/2013\/01\/kalend3-1.jpg 1771w\" sizes=\"auto, (max-width: 300px) 100vw, 300px\" \/><\/a>\n\t\t\t<\/div><\/figure><figure class='gallery-item'>\n\t\t\t<div class='gallery-icon landscape'>\n\t\t\t\t<a href='http:\/\/www.studiolinka.cz\/wp-content\/uploads\/2013\/01\/kalend2-1.jpg'><img loading=\"lazy\" decoding=\"async\" width=\"300\" height=\"200\" src=\"http:\/\/www.studiolinka.cz\/wp-content\/uploads\/2013\/01\/kalend2-1-300x200.jpg\" class=\"attachment-medium size-medium\" alt=\"\" srcset=\"http:\/\/www.studiolinka.cz\/wp-content\/uploads\/2013\/01\/kalend2-1-300x200.jpg 300w, http:\/\/www.studiolinka.cz\/wp-content\/uploads\/2013\/01\/kalend2-1-768x512.jpg 768w, http:\/\/www.studiolinka.cz\/wp-content\/uploads\/2013\/01\/kalend2-1-1024x683.jpg 1024w, http:\/\/www.studiolinka.cz\/wp-content\/uploads\/2013\/01\/kalend2-1.jpg 1771w\" sizes=\"auto, (max-width: 300px) 100vw, 300px\" \/><\/a>\n\t\t\t<\/div><\/figure><figure class='gallery-item'>\n\t\t\t<div class='gallery-icon landscape'>\n\t\t\t\t<a href='http:\/\/www.studiolinka.cz\/wp-content\/uploads\/2013\/01\/kalend1-1.jpg'><img loading=\"lazy\" decoding=\"async\" width=\"300\" height=\"200\" src=\"http:\/\/www.studiolinka.cz\/wp-content\/uploads\/2013\/01\/kalend1-1-300x200.jpg\" class=\"attachment-medium size-medium\" alt=\"\" srcset=\"http:\/\/www.studiolinka.cz\/wp-content\/uploads\/2013\/01\/kalend1-1-300x200.jpg 300w, http:\/\/www.studiolinka.cz\/wp-content\/uploads\/2013\/01\/kalend1-1-768x512.jpg 768w, http:\/\/www.studiolinka.cz\/wp-content\/uploads\/2013\/01\/kalend1-1-1024x683.jpg 1024w, http:\/\/www.studiolinka.cz\/wp-content\/uploads\/2013\/01\/kalend1-1.jpg 1771w\" sizes=\"auto, (max-width: 300px) 100vw, 300px\" \/><\/a>\n\t\t\t<\/div><\/figure><figure class='gallery-item'>\n\t\t\t<div class='gallery-icon landscape'>\n\t\t\t\t<a href='http:\/\/www.studiolinka.cz\/wp-content\/uploads\/2013\/01\/Let\u00e1k-SABRIX.jpg'><img loading=\"lazy\" decoding=\"async\" width=\"300\" height=\"211\" src=\"http:\/\/www.studiolinka.cz\/wp-content\/uploads\/2013\/01\/Let\u00e1k-SABRIX-300x211.jpg\" class=\"attachment-medium size-medium\" alt=\"\" srcset=\"http:\/\/www.studiolinka.cz\/wp-content\/uploads\/2013\/01\/Let\u00e1k-SABRIX-300x211.jpg 300w, http:\/\/www.studiolinka.cz\/wp-content\/uploads\/2013\/01\/Let\u00e1k-SABRIX.jpg 842w\" sizes=\"auto, (max-width: 300px) 100vw, 300px\" \/><\/a>\n\t\t\t<\/div><\/figure><figure class='gallery-item'>\n\t\t\t<div class='gallery-icon landscape'>\n\t\t\t\t<a href='http:\/\/www.studiolinka.cz\/wp-content\/uploads\/2013\/01\/obalka1.jpg'><img loading=\"lazy\" decoding=\"async\" width=\"300\" height=\"198\" src=\"http:\/\/www.studiolinka.cz\/wp-content\/uploads\/2013\/01\/obalka1-300x198.jpg\" class=\"attachment-medium size-medium\" alt=\"\" srcset=\"http:\/\/www.studiolinka.cz\/wp-content\/uploads\/2013\/01\/obalka1-300x198.jpg 300w, http:\/\/www.studiolinka.cz\/wp-content\/uploads\/2013\/01\/obalka1.jpg 665w\" sizes=\"auto, (max-width: 300px) 100vw, 300px\" \/><\/a>\n\t\t\t<\/div><\/figure><figure class='gallery-item'>\n\t\t\t<div class='gallery-icon landscape'>\n\t\t\t\t<a href='http:\/\/www.studiolinka.cz\/wp-content\/uploads\/2013\/01\/v\u00fdstava.jpg'><img loading=\"lazy\" decoding=\"async\" width=\"300\" height=\"210\" src=\"http:\/\/www.studiolinka.cz\/wp-content\/uploads\/2013\/01\/v\u00fdstava-300x210.jpg\" class=\"attachment-medium size-medium\" alt=\"\" srcset=\"http:\/\/www.studiolinka.cz\/wp-content\/uploads\/2013\/01\/v\u00fdstava-300x210.jpg 300w, http:\/\/www.studiolinka.cz\/wp-content\/uploads\/2013\/01\/v\u00fdstava.jpg 700w\" sizes=\"auto, (max-width: 300px) 100vw, 300px\" \/><\/a>\n\t\t\t<\/div><\/figure><figure class='gallery-item'>\n\t\t\t<div class='gallery-icon portrait'>\n\t\t\t\t<a href='http:\/\/www.studiolinka.cz\/wp-content\/uploads\/2013\/01\/let\u00e1k_SCP_2016-1.png'><img loading=\"lazy\" decoding=\"async\" width=\"210\" height=\"300\" src=\"http:\/\/www.studiolinka.cz\/wp-content\/uploads\/2013\/01\/let\u00e1k_SCP_2016-1-210x300.png\" class=\"attachment-medium size-medium\" alt=\"\" srcset=\"http:\/\/www.studiolinka.cz\/wp-content\/uploads\/2013\/01\/let\u00e1k_SCP_2016-1-210x300.png 210w, http:\/\/www.studiolinka.cz\/wp-content\/uploads\/2013\/01\/let\u00e1k_SCP_2016-1-768x1097.png 768w, http:\/\/www.studiolinka.cz\/wp-content\/uploads\/2013\/01\/let\u00e1k_SCP_2016-1-717x1024.png 717w, http:\/\/www.studiolinka.cz\/wp-content\/uploads\/2013\/01\/let\u00e1k_SCP_2016-1.png 951w\" sizes=\"auto, (max-width: 210px) 100vw, 210px\" \/><\/a>\n\t\t\t<\/div><\/figure><figure class='gallery-item'>\n\t\t\t<div class='gallery-icon portrait'>\n\t\t\t\t<a href='http:\/\/www.studiolinka.cz\/wp-content\/uploads\/2013\/01\/Plak\u00e1t-TM.jpg'><img loading=\"lazy\" decoding=\"async\" width=\"207\" height=\"300\" src=\"http:\/\/www.studiolinka.cz\/wp-content\/uploads\/2013\/01\/Plak\u00e1t-TM-207x300.jpg\" class=\"attachment-medium size-medium\" alt=\"\" srcset=\"http:\/\/www.studiolinka.cz\/wp-content\/uploads\/2013\/01\/Plak\u00e1t-TM-207x300.jpg 207w, http:\/\/www.studiolinka.cz\/wp-content\/uploads\/2013\/01\/Plak\u00e1t-TM.jpg 450w\" sizes=\"auto, (max-width: 207px) 100vw, 207px\" \/><\/a>\n\t\t\t<\/div><\/figure><figure class='gallery-item'>\n\t\t\t<div class='gallery-icon portrait'>\n\t\t\t\t<a href='http:\/\/www.studiolinka.cz\/wp-content\/uploads\/2013\/01\/vizitky.jpg'><img loading=\"lazy\" decoding=\"async\" width=\"220\" height=\"300\" src=\"http:\/\/www.studiolinka.cz\/wp-content\/uploads\/2013\/01\/vizitky-220x300.jpg\" class=\"attachment-medium size-medium\" alt=\"\" srcset=\"http:\/\/www.studiolinka.cz\/wp-content\/uploads\/2013\/01\/vizitky-220x300.jpg 220w, http:\/\/www.studiolinka.cz\/wp-content\/uploads\/2013\/01\/vizitky.jpg 541w\" sizes=\"auto, (max-width: 220px) 100vw, 220px\" \/><\/a>\n\t\t\t<\/div><\/figure><figure class='gallery-item'>\n\t\t\t<div class='gallery-icon portrait'>\n\t\t\t\t<a href='http:\/\/www.studiolinka.cz\/wp-content\/uploads\/2013\/01\/met\u00edk-let\u00e1k.jpg'><img loading=\"lazy\" decoding=\"async\" width=\"211\" height=\"300\" src=\"http:\/\/www.studiolinka.cz\/wp-content\/uploads\/2013\/01\/met\u00edk-let\u00e1k-211x300.jpg\" class=\"attachment-medium size-medium\" alt=\"\" srcset=\"http:\/\/www.studiolinka.cz\/wp-content\/uploads\/2013\/01\/met\u00edk-let\u00e1k-211x300.jpg 211w, http:\/\/www.studiolinka.cz\/wp-content\/uploads\/2013\/01\/met\u00edk-let\u00e1k.jpg 540w\" sizes=\"auto, (max-width: 211px) 100vw, 211px\" \/><\/a>\n\t\t\t<\/div><\/figure><figure class='gallery-item'>\n\t\t\t<div class='gallery-icon portrait'>\n\t\t\t\t<a href='http:\/\/www.studiolinka.cz\/wp-content\/uploads\/2013\/01\/stilus.jpg'><img loading=\"lazy\" decoding=\"async\" width=\"209\" height=\"300\" src=\"http:\/\/www.studiolinka.cz\/wp-content\/uploads\/2013\/01\/stilus-209x300.jpg\" class=\"attachment-medium size-medium\" alt=\"\" srcset=\"http:\/\/www.studiolinka.cz\/wp-content\/uploads\/2013\/01\/stilus-209x300.jpg 209w, http:\/\/www.studiolinka.cz\/wp-content\/uploads\/2013\/01\/stilus.jpg 400w\" sizes=\"auto, (max-width: 209px) 100vw, 209px\" \/><\/a>\n\t\t\t<\/div><\/figure><figure class='gallery-item'>\n\t\t\t<div class='gallery-icon portrait'>\n\t\t\t\t<a href='http:\/\/www.studiolinka.cz\/wp-content\/uploads\/2013\/01\/KATALOGTM.jpg'><img loading=\"lazy\" decoding=\"async\" width=\"213\" height=\"300\" src=\"http:\/\/www.studiolinka.cz\/wp-content\/uploads\/2013\/01\/KATALOGTM-213x300.jpg\" class=\"attachment-medium size-medium\" alt=\"\" srcset=\"http:\/\/www.studiolinka.cz\/wp-content\/uploads\/2013\/01\/KATALOGTM-213x300.jpg 213w, http:\/\/www.studiolinka.cz\/wp-content\/uploads\/2013\/01\/KATALOGTM.jpg 404w\" sizes=\"auto, (max-width: 213px) 100vw, 213px\" \/><\/a>\n\t\t\t<\/div><\/figure><figure class='gallery-item'>\n\t\t\t<div class='gallery-icon portrait'>\n\t\t\t\t<a href='http:\/\/www.studiolinka.cz\/wp-content\/uploads\/2013\/01\/alena.jpg'><img loading=\"lazy\" decoding=\"async\" width=\"211\" height=\"300\" src=\"http:\/\/www.studiolinka.cz\/wp-content\/uploads\/2013\/01\/alena-211x300.jpg\" class=\"attachment-medium size-medium\" alt=\"\" srcset=\"http:\/\/www.studiolinka.cz\/wp-content\/uploads\/2013\/01\/alena-211x300.jpg 211w, http:\/\/www.studiolinka.cz\/wp-content\/uploads\/2013\/01\/alena.jpg 501w\" sizes=\"auto, (max-width: 211px) 100vw, 211px\" \/><\/a>\n\t\t\t<\/div><\/figure><figure class='gallery-item'>\n\t\t\t<div class='gallery-icon portrait'>\n\t\t\t\t<a href='http:\/\/www.studiolinka.cz\/wp-content\/uploads\/2013\/01\/HATRIAkatalog.jpg'><img loading=\"lazy\" decoding=\"async\" width=\"212\" height=\"300\" src=\"http:\/\/www.studiolinka.cz\/wp-content\/uploads\/2013\/01\/HATRIAkatalog-212x300.jpg\" class=\"attachment-medium size-medium\" alt=\"\" srcset=\"http:\/\/www.studiolinka.cz\/wp-content\/uploads\/2013\/01\/HATRIAkatalog-212x300.jpg 212w, http:\/\/www.studiolinka.cz\/wp-content\/uploads\/2013\/01\/HATRIAkatalog.jpg 503w\" sizes=\"auto, (max-width: 212px) 100vw, 212px\" \/><\/a>\n\t\t\t<\/div><\/figure><figure class='gallery-item'>\n\t\t\t<div class='gallery-icon portrait'>\n\t\t\t\t<a href='http:\/\/www.studiolinka.cz\/wp-content\/uploads\/2013\/01\/etika.jpg'><img loading=\"lazy\" decoding=\"async\" width=\"212\" height=\"300\" src=\"http:\/\/www.studiolinka.cz\/wp-content\/uploads\/2013\/01\/etika-212x300.jpg\" class=\"attachment-medium size-medium\" alt=\"\" srcset=\"http:\/\/www.studiolinka.cz\/wp-content\/uploads\/2013\/01\/etika-212x300.jpg 212w, http:\/\/www.studiolinka.cz\/wp-content\/uploads\/2013\/01\/etika.jpg 400w\" sizes=\"auto, (max-width: 212px) 100vw, 212px\" \/><\/a>\n\t\t\t<\/div><\/figure><figure class='gallery-item'>\n\t\t\t<div class='gallery-icon portrait'>\n\t\t\t\t<a href='http:\/\/www.studiolinka.cz\/wp-content\/uploads\/2013\/01\/KATALOG-S2011.jpg'><img loading=\"lazy\" decoding=\"async\" width=\"212\" height=\"300\" src=\"http:\/\/www.studiolinka.cz\/wp-content\/uploads\/2013\/01\/KATALOG-S2011-212x300.jpg\" class=\"attachment-medium size-medium\" alt=\"\" srcset=\"http:\/\/www.studiolinka.cz\/wp-content\/uploads\/2013\/01\/KATALOG-S2011-212x300.jpg 212w, http:\/\/www.studiolinka.cz\/wp-content\/uploads\/2013\/01\/KATALOG-S2011.jpg 401w\" sizes=\"auto, (max-width: 212px) 100vw, 212px\" \/><\/a>\n\t\t\t<\/div><\/figure><figure class='gallery-item'>\n\t\t\t<div class='gallery-icon portrait'>\n\t\t\t\t<a href='http:\/\/www.studiolinka.cz\/wp-content\/uploads\/2013\/01\/boxy1.jpg'><img loading=\"lazy\" decoding=\"async\" width=\"216\" height=\"300\" src=\"http:\/\/www.studiolinka.cz\/wp-content\/uploads\/2013\/01\/boxy1-216x300.jpg\" class=\"attachment-medium size-medium\" alt=\"\" srcset=\"http:\/\/www.studiolinka.cz\/wp-content\/uploads\/2013\/01\/boxy1-216x300.jpg 216w, http:\/\/www.studiolinka.cz\/wp-content\/uploads\/2013\/01\/boxy1.jpg 400w\" sizes=\"auto, (max-width: 216px) 100vw, 216px\" \/><\/a>\n\t\t\t<\/div><\/figure><figure class='gallery-item'>\n\t\t\t<div class='gallery-icon portrait'>\n\t\t\t\t<a href='http:\/\/www.studiolinka.cz\/wp-content\/uploads\/2013\/01\/Vacupres.jpg'><img loading=\"lazy\" decoding=\"async\" width=\"211\" height=\"300\" src=\"http:\/\/www.studiolinka.cz\/wp-content\/uploads\/2013\/01\/Vacupres-211x300.jpg\" class=\"attachment-medium size-medium\" alt=\"\" srcset=\"http:\/\/www.studiolinka.cz\/wp-content\/uploads\/2013\/01\/Vacupres-211x300.jpg 211w, http:\/\/www.studiolinka.cz\/wp-content\/uploads\/2013\/01\/Vacupres.jpg 501w\" sizes=\"auto, (max-width: 211px) 100vw, 211px\" \/><\/a>\n\t\t\t<\/div><\/figure><figure class='gallery-item'>\n\t\t\t<div class='gallery-icon landscape'>\n\t\t\t\t<a href='http:\/\/www.studiolinka.cz\/wp-content\/uploads\/2013\/01\/felda.jpg'><img loading=\"lazy\" decoding=\"async\" width=\"300\" height=\"288\" src=\"http:\/\/www.studiolinka.cz\/wp-content\/uploads\/2013\/01\/felda-300x288.jpg\" class=\"attachment-medium size-medium\" alt=\"\" srcset=\"http:\/\/www.studiolinka.cz\/wp-content\/uploads\/2013\/01\/felda-300x288.jpg 300w, http:\/\/www.studiolinka.cz\/wp-content\/uploads\/2013\/01\/felda.jpg 400w\" sizes=\"auto, (max-width: 300px) 100vw, 300px\" \/><\/a>\n\t\t\t<\/div><\/figure><figure class='gallery-item'>\n\t\t\t<div class='gallery-icon landscape'>\n\t\t\t\t<a href='http:\/\/www.studiolinka.cz\/wp-content\/uploads\/2013\/01\/krabice-vi\u0161\u0148ovka-CAN21.jpg'><img loading=\"lazy\" decoding=\"async\" width=\"300\" height=\"253\" src=\"http:\/\/www.studiolinka.cz\/wp-content\/uploads\/2013\/01\/krabice-vi\u0161\u0148ovka-CAN21-300x253.jpg\" class=\"attachment-medium size-medium\" alt=\"\" srcset=\"http:\/\/www.studiolinka.cz\/wp-content\/uploads\/2013\/01\/krabice-vi\u0161\u0148ovka-CAN21-300x253.jpg 300w, http:\/\/www.studiolinka.cz\/wp-content\/uploads\/2013\/01\/krabice-vi\u0161\u0148ovka-CAN21.jpg 765w\" sizes=\"auto, (max-width: 300px) 100vw, 300px\" \/><\/a>\n\t\t\t<\/div><\/figure><figure class='gallery-item'>\n\t\t\t<div class='gallery-icon landscape'>\n\t\t\t\t<a href='http:\/\/www.studiolinka.cz\/wp-content\/uploads\/2013\/01\/krabice.jpg'><img loading=\"lazy\" decoding=\"async\" width=\"300\" height=\"255\" src=\"http:\/\/www.studiolinka.cz\/wp-content\/uploads\/2013\/01\/krabice-300x255.jpg\" class=\"attachment-medium size-medium\" alt=\"\" srcset=\"http:\/\/www.studiolinka.cz\/wp-content\/uploads\/2013\/01\/krabice-300x255.jpg 300w, http:\/\/www.studiolinka.cz\/wp-content\/uploads\/2013\/01\/krabice.jpg 567w\" sizes=\"auto, (max-width: 300px) 100vw, 300px\" \/><\/a>\n\t\t\t<\/div><\/figure><figure class='gallery-item'>\n\t\t\t<div class='gallery-icon landscape'>\n\t\t\t\t<a href='http:\/\/www.studiolinka.cz\/wp-content\/uploads\/2013\/01\/krabice-na-\u010daj.jpg'><img loading=\"lazy\" decoding=\"async\" width=\"300\" height=\"254\" src=\"http:\/\/www.studiolinka.cz\/wp-content\/uploads\/2013\/01\/krabice-na-\u010daj-300x254.jpg\" class=\"attachment-medium size-medium\" alt=\"\" srcset=\"http:\/\/www.studiolinka.cz\/wp-content\/uploads\/2013\/01\/krabice-na-\u010daj-300x254.jpg 300w, http:\/\/www.studiolinka.cz\/wp-content\/uploads\/2013\/01\/krabice-na-\u010daj.jpg 709w\" sizes=\"auto, (max-width: 300px) 100vw, 300px\" \/><\/a>\n\t\t\t<\/div><\/figure><figure class='gallery-item'>\n\t\t\t<div class='gallery-icon landscape'>\n\t\t\t\t<a href='http:\/\/www.studiolinka.cz\/wp-content\/uploads\/2013\/01\/Monta-SL2011A.jpg'><img loading=\"lazy\" decoding=\"async\" width=\"300\" height=\"212\" src=\"http:\/\/www.studiolinka.cz\/wp-content\/uploads\/2013\/01\/Monta-SL2011A-300x212.jpg\" class=\"attachment-medium size-medium\" alt=\"\" srcset=\"http:\/\/www.studiolinka.cz\/wp-content\/uploads\/2013\/01\/Monta-SL2011A-300x212.jpg 300w, http:\/\/www.studiolinka.cz\/wp-content\/uploads\/2013\/01\/Monta-SL2011A.jpg 1002w\" sizes=\"auto, (max-width: 300px) 100vw, 300px\" \/><\/a>\n\t\t\t<\/div><\/figure><figure class='gallery-item'>\n\t\t\t<div class='gallery-icon landscape'>\n\t\t\t\t<a href='http:\/\/www.studiolinka.cz\/wp-content\/uploads\/2013\/01\/Kalend\u00e1\u0159-2009.jpg'><img loading=\"lazy\" decoding=\"async\" width=\"300\" height=\"212\" src=\"http:\/\/www.studiolinka.cz\/wp-content\/uploads\/2013\/01\/Kalend\u00e1\u0159-2009-300x212.jpg\" class=\"attachment-medium size-medium\" alt=\"\" srcset=\"http:\/\/www.studiolinka.cz\/wp-content\/uploads\/2013\/01\/Kalend\u00e1\u0159-2009-300x212.jpg 300w, http:\/\/www.studiolinka.cz\/wp-content\/uploads\/2013\/01\/Kalend\u00e1\u0159-2009.jpg 850w\" sizes=\"auto, (max-width: 300px) 100vw, 300px\" \/><\/a>\n\t\t\t<\/div><\/figure><figure class='gallery-item'>\n\t\t\t<div class='gallery-icon landscape'>\n\t\t\t\t<a href='http:\/\/www.studiolinka.cz\/wp-content\/uploads\/2013\/01\/Golf.jpg'><img loading=\"lazy\" decoding=\"async\" width=\"300\" height=\"211\" src=\"http:\/\/www.studiolinka.cz\/wp-content\/uploads\/2013\/01\/Golf-300x211.jpg\" class=\"attachment-medium size-medium\" alt=\"\" srcset=\"http:\/\/www.studiolinka.cz\/wp-content\/uploads\/2013\/01\/Golf-300x211.jpg 300w, http:\/\/www.studiolinka.cz\/wp-content\/uploads\/2013\/01\/Golf.jpg 842w\" sizes=\"auto, (max-width: 300px) 100vw, 300px\" \/><\/a>\n\t\t\t<\/div><\/figure><figure class='gallery-item'>\n\t\t\t<div class='gallery-icon landscape'>\n\t\t\t\t<a href='http:\/\/www.studiolinka.cz\/wp-content\/uploads\/2013\/01\/Kalend\u00e1\u0159-2013-Suri.jpg'><img loading=\"lazy\" decoding=\"async\" width=\"300\" height=\"211\" src=\"http:\/\/www.studiolinka.cz\/wp-content\/uploads\/2013\/01\/Kalend\u00e1\u0159-2013-Suri-300x211.jpg\" class=\"attachment-medium size-medium\" alt=\"\" srcset=\"http:\/\/www.studiolinka.cz\/wp-content\/uploads\/2013\/01\/Kalend\u00e1\u0159-2013-Suri-300x211.jpg 300w, http:\/\/www.studiolinka.cz\/wp-content\/uploads\/2013\/01\/Kalend\u00e1\u0159-2013-Suri.jpg 992w\" sizes=\"auto, (max-width: 300px) 100vw, 300px\" \/><\/a>\n\t\t\t<\/div><\/figure><figure class='gallery-item'>\n\t\t\t<div class='gallery-icon landscape'>\n\t\t\t\t<a href='http:\/\/www.studiolinka.cz\/wp-content\/uploads\/2013\/01\/plak\u00e1tek_Chrustenice_bez_motyl.png'><img loading=\"lazy\" decoding=\"async\" width=\"300\" height=\"212\" src=\"http:\/\/www.studiolinka.cz\/wp-content\/uploads\/2013\/01\/plak\u00e1tek_Chrustenice_bez_motyl-300x212.png\" class=\"attachment-medium size-medium\" alt=\"\" srcset=\"http:\/\/www.studiolinka.cz\/wp-content\/uploads\/2013\/01\/plak\u00e1tek_Chrustenice_bez_motyl-300x212.png 300w, http:\/\/www.studiolinka.cz\/wp-content\/uploads\/2013\/01\/plak\u00e1tek_Chrustenice_bez_motyl-768x543.png 768w, http:\/\/www.studiolinka.cz\/wp-content\/uploads\/2013\/01\/plak\u00e1tek_Chrustenice_bez_motyl-1024x724.png 1024w, http:\/\/www.studiolinka.cz\/wp-content\/uploads\/2013\/01\/plak\u00e1tek_Chrustenice_bez_motyl.png 1191w\" sizes=\"auto, (max-width: 300px) 100vw, 300px\" \/><\/a>\n\t\t\t<\/div><\/figure>\n\t\t<\/div>\n\n<p>Formul\u00e1\u0159e (ti\u0161t\u011bn\u00e9 i aktivn\u00ed) &#8211; po kliknut\u00ed k n\u00e1hledu v pdf:<\/p>\n<p><a href=\"http:\/\/www.studiolinka.cz\/wp-content\/uploads\/2013\/01\/cen\u00edk_SCP.pdf\"><img loading=\"lazy\" decoding=\"async\" class=\"wp-image-508 alignleft\" src=\"http:\/\/www.studiolinka.cz\/wp-content\/uploads\/2013\/01\/cen\u00edk_SCP-ob\u00e1lka-1-216x300.png\" alt=\"\" width=\"216\" height=\"294\" \/><\/a><a href=\"http:\/\/www.studiolinka.cz\/wp-content\/uploads\/2013\/01\/objedn\u00e1vkov\u00fd_formul\u00e1\u0159_SCP_vyplnovac\u00ed.pdf\"><img loading=\"lazy\" decoding=\"async\" class=\"wp-image-510 alignleft\" src=\"http:\/\/www.studiolinka.cz\/wp-content\/uploads\/2013\/01\/objedn\u00e1vkov\u00fd_formul\u00e1\u0159_SCP_ob\u00e1lka-1-215x300.png\" alt=\"\" width=\"214\" height=\"292\" \/><\/a><a href=\"http:\/\/www.studiolinka.cz\/wp-content\/uploads\/2013\/01\/EU_86292OVB.pdf\"><img loading=\"lazy\" decoding=\"async\" class=\"alignleft wp-image-538 size-medium\" src=\"http:\/\/www.studiolinka.cz\/wp-content\/uploads\/2013\/01\/formul\u00e1\u0159-212x300.png\" alt=\"\" width=\"212\" height=\"300\" srcset=\"http:\/\/www.studiolinka.cz\/wp-content\/uploads\/2013\/01\/formul\u00e1\u0159-212x300.png 212w, http:\/\/www.studiolinka.cz\/wp-content\/uploads\/2013\/01\/formul\u00e1\u0159-768x1086.png 768w, http:\/\/www.studiolinka.cz\/wp-content\/uploads\/2013\/01\/formul\u00e1\u0159-724x1024.png 724w, http:\/\/www.studiolinka.cz\/wp-content\/uploads\/2013\/01\/formul\u00e1\u0159.png 992w\" sizes=\"auto, (max-width: 212px) 100vw, 212px\" \/><\/a><a href=\"http:\/\/www.studiolinka.cz\/wp-content\/uploads\/2013\/01\/EU_42902.pdf\"><img loading=\"lazy\" decoding=\"async\" class=\"alignnone wp-image-539 size-medium\" src=\"http:\/\/www.studiolinka.cz\/wp-content\/uploads\/2013\/01\/formul\u00e1\u0159-2-215x300.png\" alt=\"\" width=\"215\" height=\"300\" srcset=\"http:\/\/www.studiolinka.cz\/wp-content\/uploads\/2013\/01\/formul\u00e1\u0159-2-215x300.png 215w, http:\/\/www.studiolinka.cz\/wp-content\/uploads\/2013\/01\/formul\u00e1\u0159-2-768x1071.png 768w, http:\/\/www.studiolinka.cz\/wp-content\/uploads\/2013\/01\/formul\u00e1\u0159-2-734x1024.png 734w, http:\/\/www.studiolinka.cz\/wp-content\/uploads\/2013\/01\/formul\u00e1\u0159-2.png 992w\" sizes=\"auto, (max-width: 215px) 100vw, 215px\" \/><\/a><\/p>\n<p>Vektorov\u00e1 grafika (s\u00edtotisk):<\/p>\n<div id='gallery-2' class='gallery galleryid-110 gallery-columns-3 gallery-size-medium'><figure class='gallery-item'>\n\t\t\t<div class='gallery-icon portrait'>\n\t\t\t\t<a href='http:\/\/www.studiolinka.cz\/?attachment_id=567'><img loading=\"lazy\" decoding=\"async\" width=\"212\" height=\"300\" src=\"http:\/\/www.studiolinka.cz\/wp-content\/uploads\/2013\/01\/Ta\u0161ka-TM-SP-na-str\u00e1nky-uk\u00e1zka-212x300.png\" class=\"attachment-medium size-medium\" alt=\"\" aria-describedby=\"gallery-2-567\" srcset=\"http:\/\/www.studiolinka.cz\/wp-content\/uploads\/2013\/01\/Ta\u0161ka-TM-SP-na-str\u00e1nky-uk\u00e1zka-212x300.png 212w, http:\/\/www.studiolinka.cz\/wp-content\/uploads\/2013\/01\/Ta\u0161ka-TM-SP-na-str\u00e1nky-uk\u00e1zka-768x1086.png 768w, http:\/\/www.studiolinka.cz\/wp-content\/uploads\/2013\/01\/Ta\u0161ka-TM-SP-na-str\u00e1nky-uk\u00e1zka-724x1024.png 724w, http:\/\/www.studiolinka.cz\/wp-content\/uploads\/2013\/01\/Ta\u0161ka-TM-SP-na-str\u00e1nky-uk\u00e1zka.png 1403w\" sizes=\"auto, (max-width: 212px) 100vw, 212px\" \/><\/a>\n\t\t\t<\/div>\n\t\t\t\t<figcaption class='wp-caption-text gallery-caption' id='gallery-2-567'>\n\t\t\t\tIgelitov\u00e1 ta\u0161ka TM + SP\n\t\t\t\t<\/figcaption><\/figure>\n\t\t<\/div>\n\n","protected":false},"excerpt":{"rendered":"<p>R\u016fzn\u00e9 (kalend\u00e1\u0159e, plak\u00e1ty, let\u00e1ky, vizitky, krabicov\u00e9 obaly): Formul\u00e1\u0159e (ti\u0161t\u011bn\u00e9 i aktivn\u00ed) &#8211; po kliknut\u00ed k n\u00e1hledu v pdf: Vektorov\u00e1 grafika (s\u00edtotisk):<\/p>\n","protected":false},"author":2,"featured_media":0,"parent":0,"menu_order":2,"comment_status":"closed","ping_status":"closed","template":"","meta":{"footnotes":""},"class_list":["post-110","page","type-page","status-publish","hentry"],"_links":{"self":[{"href":"http:\/\/www.studiolinka.cz\/index.php?rest_route=\/wp\/v2\/pages\/110","targetHints":{"allow":["GET"]}}],"collection":[{"href":"http:\/\/www.studiolinka.cz\/index.php?rest_route=\/wp\/v2\/pages"}],"about":[{"href":"http:\/\/www.studiolinka.cz\/index.php?rest_route=\/wp\/v2\/types\/page"}],"author":[{"embeddable":true,"href":"http:\/\/www.studiolinka.cz\/index.php?rest_route=\/wp\/v2\/users\/2"}],"replies":[{"embeddable":true,"href":"http:\/\/www.studiolinka.cz\/index.php?rest_route=%2Fwp%2Fv2%2Fcomments&post=110"}],"version-history":[{"count":58,"href":"http:\/\/www.studiolinka.cz\/index.php?rest_route=\/wp\/v2\/pages\/110\/revisions"}],"predecessor-version":[{"id":572,"href":"http:\/\/www.studiolinka.cz\/index.php?rest_route=\/wp\/v2\/pages\/110\/revisions\/572"}],"wp:attachment":[{"href":"http:\/\/www.studiolinka.cz\/index.php?rest_route=%2Fwp%2Fv2%2Fmedia&parent=110"}],"curies":[{"name":"wp","href":"https:\/\/api.w.org\/{rel}","templated":true}]}}