{"id":112,"date":"2013-01-06T15:13:57","date_gmt":"2013-01-06T15:13:57","guid":{"rendered":"http:\/\/www.montannispolecnost.cz\/elvira\/?page_id=112"},"modified":"2013-01-06T17:58:16","modified_gmt":"2013-01-06T17:58:16","slug":"fotogalerie","status":"publish","type":"page","link":"http:\/\/www.studiolinka.cz\/?page_id=112","title":{"rendered":"Fotogalerie"},"content":{"rendered":"<p><a href=\"http:\/\/www.montannispolecnost.cz\/elvira\/wp-content\/uploads\/2013\/01\/silv2.jpg\"><div id='gallery-1' class='gallery galleryid-112 gallery-columns-6 gallery-size-thumbnail'><figure class='gallery-item'>\n\t\t\t<div class='gallery-icon portrait'>\n\t\t\t\t<a href='http:\/\/www.studiolinka.cz\/?attachment_id=134'><img loading=\"lazy\" decoding=\"async\" width=\"150\" height=\"150\" src=\"http:\/\/www.studiolinka.cz\/wp-content\/uploads\/2013\/01\/k\u0159\u00ed\u017e-150x150.jpg\" class=\"attachment-thumbnail size-thumbnail\" alt=\"\" \/><\/a>\n\t\t\t<\/div><\/figure><figure class='gallery-item'>\n\t\t\t<div class='gallery-icon landscape'>\n\t\t\t\t<a href='http:\/\/www.studiolinka.cz\/?attachment_id=135'><img loading=\"lazy\" decoding=\"async\" width=\"150\" height=\"150\" src=\"http:\/\/www.studiolinka.cz\/wp-content\/uploads\/2013\/01\/k\u0159ov\u00ed-150x150.jpg\" class=\"attachment-thumbnail size-thumbnail\" alt=\"\" \/><\/a>\n\t\t\t<\/div><\/figure><figure class='gallery-item'>\n\t\t\t<div class='gallery-icon landscape'>\n\t\t\t\t<a href='http:\/\/www.studiolinka.cz\/?attachment_id=136'><img loading=\"lazy\" decoding=\"async\" width=\"150\" height=\"150\" src=\"http:\/\/www.studiolinka.cz\/wp-content\/uploads\/2013\/01\/slunce-v-s\u00edti-150x150.jpg\" class=\"attachment-thumbnail size-thumbnail\" alt=\"\" \/><\/a>\n\t\t\t<\/div><\/figure><figure class='gallery-item'>\n\t\t\t<div class='gallery-icon landscape'>\n\t\t\t\t<a href='http:\/\/www.studiolinka.cz\/?attachment_id=137'><img loading=\"lazy\" decoding=\"async\" width=\"150\" height=\"150\" src=\"http:\/\/www.studiolinka.cz\/wp-content\/uploads\/2013\/01\/voda-150x150.jpg\" class=\"attachment-thumbnail size-thumbnail\" alt=\"\" \/><\/a>\n\t\t\t<\/div><\/figure><figure class='gallery-item'>\n\t\t\t<div class='gallery-icon landscape'>\n\t\t\t\t<a href='http:\/\/www.studiolinka.cz\/?attachment_id=138'><img loading=\"lazy\" decoding=\"async\" width=\"150\" height=\"150\" src=\"http:\/\/www.studiolinka.cz\/wp-content\/uploads\/2013\/01\/keksik-150x150.jpg\" class=\"attachment-thumbnail size-thumbnail\" alt=\"\" \/><\/a>\n\t\t\t<\/div><\/figure><figure class='gallery-item'>\n\t\t\t<div class='gallery-icon landscape'>\n\t\t\t\t<a href='http:\/\/www.studiolinka.cz\/?attachment_id=139'><img loading=\"lazy\" decoding=\"async\" width=\"150\" height=\"150\" src=\"http:\/\/www.studiolinka.cz\/wp-content\/uploads\/2013\/01\/labut\u011b-150x150.jpg\" class=\"attachment-thumbnail size-thumbnail\" alt=\"\" \/><\/a>\n\t\t\t<\/div><\/figure><figure class='gallery-item'>\n\t\t\t<div class='gallery-icon landscape'>\n\t\t\t\t<a href='http:\/\/www.studiolinka.cz\/?attachment_id=140'><img loading=\"lazy\" decoding=\"async\" width=\"150\" height=\"150\" src=\"http:\/\/www.studiolinka.cz\/wp-content\/uploads\/2013\/01\/dorinka-150x150.jpg\" class=\"attachment-thumbnail size-thumbnail\" alt=\"\" \/><\/a>\n\t\t\t<\/div><\/figure><figure class='gallery-item'>\n\t\t\t<div class='gallery-icon landscape'>\n\t\t\t\t<a href='http:\/\/www.studiolinka.cz\/?attachment_id=142'><img loading=\"lazy\" decoding=\"async\" width=\"150\" height=\"150\" src=\"http:\/\/www.studiolinka.cz\/wp-content\/uploads\/2013\/01\/l\u00e1da-150x150.jpg\" class=\"attachment-thumbnail size-thumbnail\" alt=\"\" \/><\/a>\n\t\t\t<\/div><\/figure><figure class='gallery-item'>\n\t\t\t<div class='gallery-icon landscape'>\n\t\t\t\t<a href='http:\/\/www.studiolinka.cz\/?attachment_id=145'><img loading=\"lazy\" decoding=\"async\" width=\"150\" height=\"150\" src=\"http:\/\/www.studiolinka.cz\/wp-content\/uploads\/2013\/01\/Baroko-150x150.jpg\" class=\"attachment-thumbnail size-thumbnail\" alt=\"\" \/><\/a>\n\t\t\t<\/div><\/figure><figure class='gallery-item'>\n\t\t\t<div class='gallery-icon portrait'>\n\t\t\t\t<a href='http:\/\/www.studiolinka.cz\/?attachment_id=146'><img loading=\"lazy\" decoding=\"async\" width=\"150\" height=\"150\" src=\"http:\/\/www.studiolinka.cz\/wp-content\/uploads\/2013\/01\/Ji\u0159\u00edk-150x150.jpg\" class=\"attachment-thumbnail size-thumbnail\" alt=\"\" \/><\/a>\n\t\t\t<\/div><\/figure><figure class='gallery-item'>\n\t\t\t<div class='gallery-icon landscape'>\n\t\t\t\t<a href='http:\/\/www.studiolinka.cz\/?attachment_id=147'><img loading=\"lazy\" decoding=\"async\" width=\"150\" height=\"150\" src=\"http:\/\/www.studiolinka.cz\/wp-content\/uploads\/2013\/01\/Marlboro-150x150.jpg\" class=\"attachment-thumbnail size-thumbnail\" alt=\"\" \/><\/a>\n\t\t\t<\/div><\/figure><figure class='gallery-item'>\n\t\t\t<div class='gallery-icon portrait'>\n\t\t\t\t<a href='http:\/\/www.studiolinka.cz\/?attachment_id=148'><img loading=\"lazy\" decoding=\"async\" width=\"150\" height=\"150\" src=\"http:\/\/www.studiolinka.cz\/wp-content\/uploads\/2013\/01\/Pegas-150x150.jpg\" class=\"attachment-thumbnail size-thumbnail\" alt=\"\" \/><\/a>\n\t\t\t<\/div><\/figure><figure class='gallery-item'>\n\t\t\t<div class='gallery-icon landscape'>\n\t\t\t\t<a href='http:\/\/www.studiolinka.cz\/?attachment_id=149'><img loading=\"lazy\" decoding=\"async\" width=\"150\" height=\"150\" src=\"http:\/\/www.studiolinka.cz\/wp-content\/uploads\/2013\/01\/cesta-150x150.jpg\" class=\"attachment-thumbnail size-thumbnail\" alt=\"\" \/><\/a>\n\t\t\t<\/div><\/figure>\n\t\t<\/div>\n<\/p>\n<p><\/a><\/p>\n<p><a href=\"http:\/\/www.montannispolecnost.cz\/elvira\/wp-content\/uploads\/2013\/01\/silv2.jpg\"> <\/a><\/p>\n<p><a href=\"http:\/\/www.montannispolecnost.cz\/elvira\/wp-content\/uploads\/2013\/01\/silv2.jpg\"><\/a><\/p>\n<p><a href=\"http:\/\/www.montannispolecnost.cz\/elvira\/wp-content\/uploads\/2013\/01\/silv2.jpg\"> <\/a><\/p>\n<p><a href=\"http:\/\/www.montannispolecnost.cz\/elvira\/wp-content\/uploads\/2013\/01\/silv2.jpg\"><\/a><\/p>\n<p><a href=\"http:\/\/www.montannispolecnost.cz\/elvira\/wp-content\/uploads\/2013\/01\/silv2.jpg\"> <\/a><\/p>\n<p><a href=\"http:\/\/www.montannispolecnost.cz\/elvira\/wp-content\/uploads\/2013\/01\/silv2.jpg\"><\/a><\/p>\n","protected":false},"excerpt":{"rendered":"","protected":false},"author":2,"featured_media":0,"parent":0,"menu_order":5,"comment_status":"closed","ping_status":"closed","template":"","meta":{"footnotes":""},"class_list":["post-112","page","type-page","status-publish","hentry"],"_links":{"self":[{"href":"http:\/\/www.studiolinka.cz\/index.php?rest_route=\/wp\/v2\/pages\/112","targetHints":{"allow":["GET"]}}],"collection":[{"href":"http:\/\/www.studiolinka.cz\/index.php?rest_route=\/wp\/v2\/pages"}],"about":[{"href":"http:\/\/www.studiolinka.cz\/index.php?rest_route=\/wp\/v2\/types\/page"}],"author":[{"embeddable":true,"href":"http:\/\/www.studiolinka.cz\/index.php?rest_route=\/wp\/v2\/users\/2"}],"replies":[{"embeddable":true,"href":"http:\/\/www.studiolinka.cz\/index.php?rest_route=%2Fwp%2Fv2%2Fcomments&post=112"}],"version-history":[{"count":8,"href":"http:\/\/www.studiolinka.cz\/index.php?rest_route=\/wp\/v2\/pages\/112\/revisions"}],"predecessor-version":[{"id":152,"href":"http:\/\/www.studiolinka.cz\/index.php?rest_route=\/wp\/v2\/pages\/112\/revisions\/152"}],"wp:attachment":[{"href":"http:\/\/www.studiolinka.cz\/index.php?rest_route=%2Fwp%2Fv2%2Fmedia&parent=112"}],"curies":[{"name":"wp","href":"https:\/\/api.w.org\/{rel}","templated":true}]}}