{"id":229,"date":"2013-01-07T00:00:54","date_gmt":"2013-01-07T00:00:54","guid":{"rendered":"http:\/\/www.montannispolecnost.cz\/elvira\/?page_id=229"},"modified":"2013-01-07T00:22:10","modified_gmt":"2013-01-07T00:22:10","slug":"vystavy","status":"publish","type":"page","link":"http:\/\/www.studiolinka.cz\/?page_id=229","title":{"rendered":"V\u00fdstavy"},"content":{"rendered":"<p>V roce 2007 se mi dostalo velk\u00e9 cti vystavovat sv\u00e9 kol\u00e1\u017ee na Velk\u00e9 Pardubick\u00e9.<\/p>\n<p><a href=\"http:\/\/www.montannispolecnost.cz\/elvira\/wp-content\/uploads\/2013\/01\/pardubkyvystava.jpg\"><img loading=\"lazy\" decoding=\"async\" class=\"aligncenter size-full wp-image-248\" title=\"pardubkyvystava\" src=\"http:\/\/www.montannispolecnost.cz\/elvira\/wp-content\/uploads\/2013\/01\/pardubkyvystava.jpg\" alt=\"\" width=\"660\" height=\"578\" srcset=\"http:\/\/www.studiolinka.cz\/wp-content\/uploads\/2013\/01\/pardubkyvystava.jpg 660w, http:\/\/www.studiolinka.cz\/wp-content\/uploads\/2013\/01\/pardubkyvystava-300x262.jpg 300w\" sizes=\"auto, (max-width: 660px) 100vw, 660px\" \/><\/a><\/p>\n<p style=\"text-align: center;\">\n<div id='gallery-1' class='gallery galleryid-229 gallery-columns-4 gallery-size-thumbnail'><figure class='gallery-item'>\n\t\t\t<div class='gallery-icon landscape'>\n\t\t\t\t<a href='http:\/\/www.studiolinka.cz\/wp-content\/uploads\/2013\/01\/motto1.jpg'><img loading=\"lazy\" decoding=\"async\" width=\"150\" height=\"150\" src=\"http:\/\/www.studiolinka.cz\/wp-content\/uploads\/2013\/01\/motto1-150x150.jpg\" class=\"attachment-thumbnail size-thumbnail\" alt=\"\" \/><\/a>\n\t\t\t<\/div><\/figure><figure class='gallery-item'>\n\t\t\t<div class='gallery-icon portrait'>\n\t\t\t\t<a href='http:\/\/www.studiolinka.cz\/wp-content\/uploads\/2013\/01\/andres.jpg'><img loading=\"lazy\" decoding=\"async\" width=\"150\" height=\"150\" src=\"http:\/\/www.studiolinka.cz\/wp-content\/uploads\/2013\/01\/andres-150x150.jpg\" class=\"attachment-thumbnail size-thumbnail\" alt=\"\" \/><\/a>\n\t\t\t<\/div><\/figure><figure class='gallery-item'>\n\t\t\t<div class='gallery-icon portrait'>\n\t\t\t\t<a href='http:\/\/www.studiolinka.cz\/wp-content\/uploads\/2013\/01\/pardubky.jpg'><img loading=\"lazy\" decoding=\"async\" width=\"150\" height=\"150\" src=\"http:\/\/www.studiolinka.cz\/wp-content\/uploads\/2013\/01\/pardubky-150x150.jpg\" class=\"attachment-thumbnail size-thumbnail\" alt=\"\" \/><\/a>\n\t\t\t<\/div><\/figure><figure class='gallery-item'>\n\t\t\t<div class='gallery-icon portrait'>\n\t\t\t\t<a href='http:\/\/www.studiolinka.cz\/wp-content\/uploads\/2013\/01\/jnova.jpg'><img loading=\"lazy\" decoding=\"async\" width=\"150\" height=\"150\" src=\"http:\/\/www.studiolinka.cz\/wp-content\/uploads\/2013\/01\/jnova-150x150.jpg\" class=\"attachment-thumbnail size-thumbnail\" alt=\"\" \/><\/a>\n\t\t\t<\/div><\/figure><figure class='gallery-item'>\n\t\t\t<div class='gallery-icon portrait'>\n\t\t\t\t<a href='http:\/\/www.studiolinka.cz\/wp-content\/uploads\/2013\/01\/stencl.jpg'><img loading=\"lazy\" decoding=\"async\" width=\"150\" height=\"150\" src=\"http:\/\/www.studiolinka.cz\/wp-content\/uploads\/2013\/01\/stencl-150x150.jpg\" class=\"attachment-thumbnail size-thumbnail\" alt=\"\" \/><\/a>\n\t\t\t<\/div><\/figure><figure class='gallery-item'>\n\t\t\t<div class='gallery-icon portrait'>\n\t\t\t\t<a href='http:\/\/www.studiolinka.cz\/wp-content\/uploads\/2013\/01\/zchaloupka.jpg'><img loading=\"lazy\" decoding=\"async\" width=\"150\" height=\"150\" src=\"http:\/\/www.studiolinka.cz\/wp-content\/uploads\/2013\/01\/zchaloupka-150x150.jpg\" class=\"attachment-thumbnail size-thumbnail\" alt=\"\" \/><\/a>\n\t\t\t<\/div><\/figure><figure class='gallery-item'>\n\t\t\t<div class='gallery-icon portrait'>\n\t\t\t\t<a href='http:\/\/www.studiolinka.cz\/wp-content\/uploads\/2013\/01\/vanaj.jpg'><img loading=\"lazy\" decoding=\"async\" width=\"150\" height=\"150\" src=\"http:\/\/www.studiolinka.cz\/wp-content\/uploads\/2013\/01\/vanaj-150x150.jpg\" class=\"attachment-thumbnail size-thumbnail\" alt=\"\" \/><\/a>\n\t\t\t<\/div><\/figure><figure class='gallery-item'>\n\t\t\t<div class='gallery-icon landscape'>\n\t\t\t\t<a href='http:\/\/www.studiolinka.cz\/wp-content\/uploads\/2013\/01\/zokejove.jpg'><img loading=\"lazy\" decoding=\"async\" width=\"150\" height=\"150\" src=\"http:\/\/www.studiolinka.cz\/wp-content\/uploads\/2013\/01\/zokejove-150x150.jpg\" class=\"attachment-thumbnail size-thumbnail\" alt=\"\" \/><\/a>\n\t\t\t<\/div><\/figure><figure class='gallery-item'>\n\t\t\t<div class='gallery-icon landscape'>\n\t\t\t\t<a href='http:\/\/www.studiolinka.cz\/wp-content\/uploads\/2013\/01\/pardubkyvystava.jpg'><img loading=\"lazy\" decoding=\"async\" width=\"150\" height=\"150\" src=\"http:\/\/www.studiolinka.cz\/wp-content\/uploads\/2013\/01\/pardubkyvystava-150x150.jpg\" class=\"attachment-thumbnail size-thumbnail\" alt=\"\" \/><\/a>\n\t\t\t<\/div><\/figure>\n\t\t<\/div>\n\n<p style=\"text-align: center;\">\n<p style=\"text-align: center;\">\n","protected":false},"excerpt":{"rendered":"<p>V roce 2007 se mi dostalo velk\u00e9 cti vystavovat sv\u00e9 kol\u00e1\u017ee na Velk\u00e9 Pardubick\u00e9.<\/p>\n","protected":false},"author":2,"featured_media":0,"parent":0,"menu_order":6,"comment_status":"closed","ping_status":"closed","template":"","meta":{"footnotes":""},"class_list":["post-229","page","type-page","status-publish","hentry"],"_links":{"self":[{"href":"http:\/\/www.studiolinka.cz\/index.php?rest_route=\/wp\/v2\/pages\/229","targetHints":{"allow":["GET"]}}],"collection":[{"href":"http:\/\/www.studiolinka.cz\/index.php?rest_route=\/wp\/v2\/pages"}],"about":[{"href":"http:\/\/www.studiolinka.cz\/index.php?rest_route=\/wp\/v2\/types\/page"}],"author":[{"embeddable":true,"href":"http:\/\/www.studiolinka.cz\/index.php?rest_route=\/wp\/v2\/users\/2"}],"replies":[{"embeddable":true,"href":"http:\/\/www.studiolinka.cz\/index.php?rest_route=%2Fwp%2Fv2%2Fcomments&post=229"}],"version-history":[{"count":6,"href":"http:\/\/www.studiolinka.cz\/index.php?rest_route=\/wp\/v2\/pages\/229\/revisions"}],"predecessor-version":[{"id":231,"href":"http:\/\/www.studiolinka.cz\/index.php?rest_route=\/wp\/v2\/pages\/229\/revisions\/231"}],"wp:attachment":[{"href":"http:\/\/www.studiolinka.cz\/index.php?rest_route=%2Fwp%2Fv2%2Fmedia&parent=229"}],"curies":[{"name":"wp","href":"https:\/\/api.w.org\/{rel}","templated":true}]}}