{"id":24,"date":"2012-11-16T07:46:10","date_gmt":"2012-11-16T07:46:10","guid":{"rendered":"http:\/\/www.montannispolecnost.cz\/elvira\/?page_id=24"},"modified":"2025-11-05T14:06:14","modified_gmt":"2025-11-05T14:06:14","slug":"studio-linka","status":"publish","type":"page","link":"http:\/\/www.studiolinka.cz\/","title":{"rendered":"Grafika s empati\u00ed"},"content":{"rendered":"<p><img loading=\"lazy\" decoding=\"async\" class=\"alignleft wp-image-565 size-full\" title=\"m2 na web\" src=\"http:\/\/www.studiolinka.cz\/wp-content\/uploads\/2012\/11\/m-na-web-300x300.png\" alt=\"\" width=\"300\" height=\"300\" srcset=\"http:\/\/www.studiolinka.cz\/wp-content\/uploads\/2012\/11\/m-na-web-300x300.png 300w, http:\/\/www.studiolinka.cz\/wp-content\/uploads\/2012\/11\/m-na-web-300x300-150x150.png 150w\" sizes=\"auto, (max-width: 300px) 100vw, 300px\" \/><\/p>\n<p style=\"text-align: left;\"><span style=\"color: #ffffff;\">V\u00edt\u00e1m v\u00e1s na webov\u00fdch str\u00e1nk\u00e1ch studia, kter\u00e9 bylo v roce 1994 zalo\u017eeno jako typografick\u00e9, se zam\u011b\u0159en\u00edm na polygrafickou p\u0159\u00edpravu tiskovin (pre-press).<\/span><br \/>B\u011bhem t\u0159ech des\u00edtek let \u010dinnosti se d\u00edky v\u00fdvoji nov\u00fdch technologi\u00ed a v\u011bt\u0161\u00edm internetov\u00fdm mo\u017enostem potvrdila pot\u0159eba, roz\u0161\u00ed\u0159it designovou pr\u00e1ci tak\u00e9 pro webov\u00e9 pou\u017e\u00edv\u00e1n\u00ed.<br \/>V sou\u010dasn\u00e9 dob\u011b se studio zab\u00fdv\u00e1 grafikou v\u0161eho druhu, a\u0165 u\u017e p\u0159\u00edpravou tiskov\u00fdch p\u0159edloh pro knihy, tiskoviny osobn\u00ed, periodick\u00e9 \u010di hospod\u00e1\u0159sk\u00e9 s v\u00fdsledn\u00fdm tiskov\u00fdm pdf pro CTP nebo jen form\u00e1tem pro internetovou prezentaci. S vyu\u017eit\u00edm vlastn\u00edch fotografi\u00ed, kol\u00e1\u017e\u00ed, kreslen\u00fdch obr\u00e1zk\u016f i text\u016f vytv\u00e1\u0159\u00edme bannery nebo p\u0159\u00edmo cel\u00fd webdesign. Z\u00e1rove\u0148 nab\u00edz\u00edme tak\u00e9 mo\u017enost v\u00fdroby techni\u010dt\u011bj\u0161\u00edch interaktivn\u00edch soubor\u016f \u010di formul\u00e1\u0159\u016f na m\u00edru. V posledn\u00edch letech p\u0159ibyla k \u010dinnosti tak\u00e9 spr\u00e1va a redakce web\u016f.<\/p>\n<p><span>Po cel\u00e1 l\u00e9ta se studio propojuje s n\u00e1zorem a zam\u011b\u0159en\u00edm z\u00e1kazn\u00edka tak, aby v\u00fdsledkem byla spokojenost s jasn\u00fdm c\u00edlem p\u0159\u00edjemn\u00e9ho pokouk\u00e1n\u00ed a maxim\u00e1ln\u00ed funk\u010dnost\u00ed pro kone\u010dn\u00e9ho u\u017eivatele.<\/span><\/p>\n\n\n<figure class=\"wp-block-image size-large\"><a href=\"http:\/\/www.studiolinka.cz\/wp-content\/uploads\/2025\/11\/SL.jpg\"><img loading=\"lazy\" decoding=\"async\" width=\"751\" height=\"1024\" src=\"http:\/\/www.studiolinka.cz\/wp-content\/uploads\/2025\/11\/SL-751x1024.jpg\" alt=\"\" class=\"wp-image-1024\" srcset=\"http:\/\/www.studiolinka.cz\/wp-content\/uploads\/2025\/11\/SL-751x1024.jpg 751w, http:\/\/www.studiolinka.cz\/wp-content\/uploads\/2025\/11\/SL-220x300.jpg 220w, http:\/\/www.studiolinka.cz\/wp-content\/uploads\/2025\/11\/SL-768x1047.jpg 768w, http:\/\/www.studiolinka.cz\/wp-content\/uploads\/2025\/11\/SL-1127x1536.jpg 1127w, http:\/\/www.studiolinka.cz\/wp-content\/uploads\/2025\/11\/SL-88x120.jpg 88w, http:\/\/www.studiolinka.cz\/wp-content\/uploads\/2025\/11\/SL.jpg 1502w\" sizes=\"auto, (max-width: 751px) 100vw, 751px\" \/><\/a><\/figure>\n\n\n\n<p>30 let! Tedy ne m\u011b, ale m\u00e9mu StudiuLinka je dnes (1. listopadu 2024) <img loading=\"lazy\" decoding=\"async\" height=\"16\" width=\"16\" src=\"https:\/\/static.xx.fbcdn.net\/images\/emoji.php\/v9\/t6c\/1\/16\/2764.png\" alt=\"\u2764\"> A tak se vrac\u00edm ve vzpom\u00ednk\u00e1ch n\u011bkam na za\u010d\u00e1tek, k fixk\u00e1m na malov\u00e1n\u00ed, s\u00e1z\u00edtku a nekone\u010dn\u00fdm z\u00e1lohovac\u00edm CD, no a k fantazii, kter\u00e1 je st\u00e1le n\u011bkde ve hv\u011bzd\u00e1ch, kdykoliv se k nim obr\u00e1t\u00edm&#8230;<\/p>\n\n\n\n<p>D\u011bkuji hv\u011bzd\u00e1m za podporu a moc v\u0161em t\u011bm, kte\u0159\u00ed mi cel\u00e9 ty roky d\u00e1vaj\u00ed d\u016fv\u011bru a pr\u00e1ci <img loading=\"lazy\" decoding=\"async\" height=\"16\" width=\"16\" src=\"https:\/\/static.xx.fbcdn.net\/images\/emoji.php\/v9\/t6c\/1\/16\/2764.png\" alt=\"\u2764\"><\/p>\n\n\n\n<p><\/p>\n","protected":false},"excerpt":{"rendered":"<p>V\u00edt\u00e1m v\u00e1s na webov\u00fdch str\u00e1nk\u00e1ch studia, kter\u00e9 bylo v roce 1994 zalo\u017eeno jako typografick\u00e9, se zam\u011b\u0159en\u00edm na polygrafickou p\u0159\u00edpravu tiskovin (pre-press).B\u011bhem t\u0159ech des\u00edtek let \u010dinnosti se d\u00edky v\u00fdvoji nov\u00fdch technologi\u00ed a v\u011bt\u0161\u00edm internetov\u00fdm mo\u017enostem potvrdila pot\u0159eba, roz\u0161\u00ed\u0159it designovou pr\u00e1ci tak\u00e9 pro webov\u00e9 pou\u017e\u00edv\u00e1n\u00ed.V sou\u010dasn\u00e9 dob\u011b se studio zab\u00fdv\u00e1 grafikou v\u0161eho druhu, a\u0165 u\u017e p\u0159\u00edpravou tiskov\u00fdch p\u0159edloh pro knihy, tiskoviny osobn\u00ed, periodick\u00e9 \u010di hospod\u00e1\u0159sk\u00e9 s v\u00fdsledn\u00fdm tiskov\u00fdm pdf pro CTP nebo jen form\u00e1tem pro internetovou prezentaci. S vyu\u017eit\u00edm vlastn\u00edch fotografi\u00ed, kol\u00e1\u017e\u00ed, kreslen\u00fdch obr\u00e1zk\u016f i text\u016f vytv\u00e1\u0159\u00edme bannery nebo p\u0159\u00edmo cel\u00fd webdesign. Z\u00e1rove\u0148 nab\u00edz\u00edme tak\u00e9 mo\u017enost v\u00fdroby techni\u010dt\u011bj\u0161\u00edch interaktivn\u00edch soubor\u016f \u010di formul\u00e1\u0159\u016f na m\u00edru. V posledn\u00edch letech p\u0159ibyla k \u010dinnosti tak\u00e9 spr\u00e1va a redakce web\u016f. Po cel\u00e1 l\u00e9ta se studio propojuje s n\u00e1zorem a zam\u011b\u0159en\u00edm z\u00e1kazn\u00edka tak, aby v\u00fdsledkem byla spokojenost s jasn\u00fdm c\u00edlem p\u0159\u00edjemn\u00e9ho pokouk\u00e1n\u00ed a maxim\u00e1ln\u00ed funk\u010dnost\u00ed pro kone\u010dn\u00e9ho u\u017eivatele. 30 let! Tedy ne m\u011b, ale m\u00e9mu StudiuLinka je dnes (1. listopadu 2024) A tak se vrac\u00edm ve vzpom\u00ednk\u00e1ch n\u011bkam na za\u010d\u00e1tek, k fixk\u00e1m na malov\u00e1n\u00ed, s\u00e1z\u00edtku a nekone\u010dn\u00fdm z\u00e1lohovac\u00edm CD, no a k fantazii, kter\u00e1 je st\u00e1le n\u011bkde ve hv\u011bzd\u00e1ch, kdykoliv se k nim obr\u00e1t\u00edm&#8230; D\u011bkuji hv\u011bzd\u00e1m za podporu a moc v\u0161em t\u011bm, kte\u0159\u00ed mi cel\u00e9 ty roky d\u00e1vaj\u00ed [&hellip;]<\/p>\n","protected":false},"author":2,"featured_media":0,"parent":0,"menu_order":1,"comment_status":"closed","ping_status":"closed","template":"","meta":{"footnotes":""},"class_list":["post-24","page","type-page","status-publish","hentry"],"_links":{"self":[{"href":"http:\/\/www.studiolinka.cz\/index.php?rest_route=\/wp\/v2\/pages\/24","targetHints":{"allow":["GET"]}}],"collection":[{"href":"http:\/\/www.studiolinka.cz\/index.php?rest_route=\/wp\/v2\/pages"}],"about":[{"href":"http:\/\/www.studiolinka.cz\/index.php?rest_route=\/wp\/v2\/types\/page"}],"author":[{"embeddable":true,"href":"http:\/\/www.studiolinka.cz\/index.php?rest_route=\/wp\/v2\/users\/2"}],"replies":[{"embeddable":true,"href":"http:\/\/www.studiolinka.cz\/index.php?rest_route=%2Fwp%2Fv2%2Fcomments&post=24"}],"version-history":[{"count":139,"href":"http:\/\/www.studiolinka.cz\/index.php?rest_route=\/wp\/v2\/pages\/24\/revisions"}],"predecessor-version":[{"id":1025,"href":"http:\/\/www.studiolinka.cz\/index.php?rest_route=\/wp\/v2\/pages\/24\/revisions\/1025"}],"wp:attachment":[{"href":"http:\/\/www.studiolinka.cz\/index.php?rest_route=%2Fwp%2Fv2%2Fmedia&parent=24"}],"curies":[{"name":"wp","href":"https:\/\/api.w.org\/{rel}","templated":true}]}}