{"id":257,"date":"2013-01-09T12:17:31","date_gmt":"2013-01-09T12:17:31","guid":{"rendered":"http:\/\/www.montannispolecnost.cz\/elvira\/?page_id=257"},"modified":"2013-03-14T11:48:25","modified_gmt":"2013-03-14T11:48:25","slug":"formular","status":"publish","type":"page","link":"http:\/\/www.studiolinka.cz\/?page_id=257","title":{"rendered":"Objedn\u00e1vka"},"content":{"rendered":"<p>Tento formul\u00e1\u0159 slou\u017e\u00ed k objedn\u00e1n\u00ed slu\u017eeb na\u0161eho grafick\u00e9ho studia STUDIA LINKA.<\/p>\n<p>Pros\u00edm specifikujte ve zpr\u00e1v\u011b o jak\u00fd druh na\u0161\u00ed \u010dinnosti byste m\u011bli z\u00e1jem, p\u0159\u00edpadn\u011b p\u0159ilo\u017ete soubor, kter\u00fd je t\u0159eba graficky zpracovat a pak ji\u017e nic nebr\u00e1n\u00ed na\u0161\u00ed domluv\u011b a spolupr\u00e1ci:-)<\/p>\n<p>[contact_form]<\/p>\n","protected":false},"excerpt":{"rendered":"<p>Tento formul\u00e1\u0159 slou\u017e\u00ed k objedn\u00e1n\u00ed slu\u017eeb na\u0161eho grafick\u00e9ho studia STUDIA LINKA. Pros\u00edm specifikujte ve zpr\u00e1v\u011b o jak\u00fd druh na\u0161\u00ed \u010dinnosti byste m\u011bli z\u00e1jem, p\u0159\u00edpadn\u011b p\u0159ilo\u017ete soubor, kter\u00fd je t\u0159eba graficky zpracovat a pak ji\u017e nic nebr\u00e1n\u00ed na\u0161\u00ed domluv\u011b a spolupr\u00e1ci:-) [contact_form]<\/p>\n","protected":false},"author":2,"featured_media":0,"parent":0,"menu_order":10,"comment_status":"closed","ping_status":"closed","template":"","meta":{"footnotes":""},"class_list":["post-257","page","type-page","status-publish","hentry"],"_links":{"self":[{"href":"http:\/\/www.studiolinka.cz\/index.php?rest_route=\/wp\/v2\/pages\/257","targetHints":{"allow":["GET"]}}],"collection":[{"href":"http:\/\/www.studiolinka.cz\/index.php?rest_route=\/wp\/v2\/pages"}],"about":[{"href":"http:\/\/www.studiolinka.cz\/index.php?rest_route=\/wp\/v2\/types\/page"}],"author":[{"embeddable":true,"href":"http:\/\/www.studiolinka.cz\/index.php?rest_route=\/wp\/v2\/users\/2"}],"replies":[{"embeddable":true,"href":"http:\/\/www.studiolinka.cz\/index.php?rest_route=%2Fwp%2Fv2%2Fcomments&post=257"}],"version-history":[{"count":8,"href":"http:\/\/www.studiolinka.cz\/index.php?rest_route=\/wp\/v2\/pages\/257\/revisions"}],"predecessor-version":[{"id":265,"href":"http:\/\/www.studiolinka.cz\/index.php?rest_route=\/wp\/v2\/pages\/257\/revisions\/265"}],"wp:attachment":[{"href":"http:\/\/www.studiolinka.cz\/index.php?rest_route=%2Fwp%2Fv2%2Fmedia&parent=257"}],"curies":[{"name":"wp","href":"https:\/\/api.w.org\/{rel}","templated":true}]}}