{"id":475,"date":"2017-11-07T12:05:04","date_gmt":"2017-11-07T12:05:04","guid":{"rendered":"http:\/\/www.studiolinka.cz\/?page_id=475"},"modified":"2018-04-16T20:45:41","modified_gmt":"2018-04-16T20:45:41","slug":"webova-grafika-bannery","status":"publish","type":"page","link":"http:\/\/www.studiolinka.cz\/?page_id=475","title":{"rendered":"Webov\u00e1 grafika \/ bannery"},"content":{"rendered":"<div id='gallery-1' class='gallery galleryid-475 gallery-columns-5 gallery-size-medium'><figure class='gallery-item'>\n\t\t\t<div class='gallery-icon landscape'>\n\t\t\t\t<a href='http:\/\/www.studiolinka.cz\/?attachment_id=476'><img loading=\"lazy\" decoding=\"async\" width=\"300\" height=\"146\" src=\"http:\/\/www.studiolinka.cz\/wp-content\/uploads\/2017\/11\/creutz-studiolinka-300x146.png\" class=\"attachment-medium size-medium\" alt=\"\" srcset=\"http:\/\/www.studiolinka.cz\/wp-content\/uploads\/2017\/11\/creutz-studiolinka-300x146.png 300w, http:\/\/www.studiolinka.cz\/wp-content\/uploads\/2017\/11\/creutz-studiolinka-768x374.png 768w, http:\/\/www.studiolinka.cz\/wp-content\/uploads\/2017\/11\/creutz-studiolinka-1024x499.png 1024w, http:\/\/www.studiolinka.cz\/wp-content\/uploads\/2017\/11\/creutz-studiolinka.png 1170w\" sizes=\"auto, (max-width: 300px) 100vw, 300px\" \/><\/a>\n\t\t\t<\/div><\/figure><figure class='gallery-item'>\n\t\t\t<div class='gallery-icon landscape'>\n\t\t\t\t<a href='http:\/\/www.studiolinka.cz\/?attachment_id=477'><img loading=\"lazy\" decoding=\"async\" width=\"300\" height=\"146\" src=\"http:\/\/www.studiolinka.cz\/wp-content\/uploads\/2017\/11\/Fatima-banner-studiolinka-300x146.png\" class=\"attachment-medium size-medium\" alt=\"\" srcset=\"http:\/\/www.studiolinka.cz\/wp-content\/uploads\/2017\/11\/Fatima-banner-studiolinka-300x146.png 300w, http:\/\/www.studiolinka.cz\/wp-content\/uploads\/2017\/11\/Fatima-banner-studiolinka-768x374.png 768w, http:\/\/www.studiolinka.cz\/wp-content\/uploads\/2017\/11\/Fatima-banner-studiolinka-1024x499.png 1024w, http:\/\/www.studiolinka.cz\/wp-content\/uploads\/2017\/11\/Fatima-banner-studiolinka.png 1170w\" sizes=\"auto, (max-width: 300px) 100vw, 300px\" \/><\/a>\n\t\t\t<\/div><\/figure><figure class='gallery-item'>\n\t\t\t<div class='gallery-icon landscape'>\n\t\t\t\t<a href='http:\/\/www.studiolinka.cz\/?attachment_id=478'><img loading=\"lazy\" decoding=\"async\" width=\"300\" height=\"146\" src=\"http:\/\/www.studiolinka.cz\/wp-content\/uploads\/2017\/11\/charita-banner-studiolinka-300x146.png\" class=\"attachment-medium size-medium\" alt=\"\" srcset=\"http:\/\/www.studiolinka.cz\/wp-content\/uploads\/2017\/11\/charita-banner-studiolinka-300x146.png 300w, http:\/\/www.studiolinka.cz\/wp-content\/uploads\/2017\/11\/charita-banner-studiolinka-768x374.png 768w, http:\/\/www.studiolinka.cz\/wp-content\/uploads\/2017\/11\/charita-banner-studiolinka-1024x499.png 1024w, http:\/\/www.studiolinka.cz\/wp-content\/uploads\/2017\/11\/charita-banner-studiolinka.png 1170w\" sizes=\"auto, (max-width: 300px) 100vw, 300px\" \/><\/a>\n\t\t\t<\/div><\/figure><figure class='gallery-item'>\n\t\t\t<div class='gallery-icon landscape'>\n\t\t\t\t<a href='http:\/\/www.studiolinka.cz\/?attachment_id=480'><img loading=\"lazy\" decoding=\"async\" width=\"300\" height=\"146\" src=\"http:\/\/www.studiolinka.cz\/wp-content\/uploads\/2017\/11\/Kada\u0148-banner-studiolinka-300x146.png\" class=\"attachment-medium size-medium\" alt=\"\" srcset=\"http:\/\/www.studiolinka.cz\/wp-content\/uploads\/2017\/11\/Kada\u0148-banner-studiolinka-300x146.png 300w, http:\/\/www.studiolinka.cz\/wp-content\/uploads\/2017\/11\/Kada\u0148-banner-studiolinka-768x374.png 768w, http:\/\/www.studiolinka.cz\/wp-content\/uploads\/2017\/11\/Kada\u0148-banner-studiolinka-1024x499.png 1024w, http:\/\/www.studiolinka.cz\/wp-content\/uploads\/2017\/11\/Kada\u0148-banner-studiolinka.png 1170w\" sizes=\"auto, (max-width: 300px) 100vw, 300px\" \/><\/a>\n\t\t\t<\/div><\/figure><figure class='gallery-item'>\n\t\t\t<div class='gallery-icon landscape'>\n\t\t\t\t<a href='http:\/\/www.studiolinka.cz\/?attachment_id=481'><img loading=\"lazy\" decoding=\"async\" width=\"300\" height=\"146\" src=\"http:\/\/www.studiolinka.cz\/wp-content\/uploads\/2017\/11\/DC-ml\u00e1de\u017ee-banner-studiolinka-300x146.png\" class=\"attachment-medium size-medium\" alt=\"\" srcset=\"http:\/\/www.studiolinka.cz\/wp-content\/uploads\/2017\/11\/DC-ml\u00e1de\u017ee-banner-studiolinka-300x146.png 300w, http:\/\/www.studiolinka.cz\/wp-content\/uploads\/2017\/11\/DC-ml\u00e1de\u017ee-banner-studiolinka-768x374.png 768w, http:\/\/www.studiolinka.cz\/wp-content\/uploads\/2017\/11\/DC-ml\u00e1de\u017ee-banner-studiolinka-1024x499.png 1024w, http:\/\/www.studiolinka.cz\/wp-content\/uploads\/2017\/11\/DC-ml\u00e1de\u017ee-banner-studiolinka.png 1170w\" sizes=\"auto, (max-width: 300px) 100vw, 300px\" \/><\/a>\n\t\t\t<\/div><\/figure><figure class='gallery-item'>\n\t\t\t<div class='gallery-icon landscape'>\n\t\t\t\t<a href='http:\/\/www.studiolinka.cz\/?attachment_id=482'><img loading=\"lazy\" decoding=\"async\" width=\"300\" height=\"146\" src=\"http:\/\/www.studiolinka.cz\/wp-content\/uploads\/2017\/11\/Tajemstv\u00ed-barokn\u00ed-knihy-studiolinka-300x146.png\" class=\"attachment-medium size-medium\" alt=\"\" srcset=\"http:\/\/www.studiolinka.cz\/wp-content\/uploads\/2017\/11\/Tajemstv\u00ed-barokn\u00ed-knihy-studiolinka-300x146.png 300w, http:\/\/www.studiolinka.cz\/wp-content\/uploads\/2017\/11\/Tajemstv\u00ed-barokn\u00ed-knihy-studiolinka-768x374.png 768w, http:\/\/www.studiolinka.cz\/wp-content\/uploads\/2017\/11\/Tajemstv\u00ed-barokn\u00ed-knihy-studiolinka-1024x499.png 1024w, http:\/\/www.studiolinka.cz\/wp-content\/uploads\/2017\/11\/Tajemstv\u00ed-barokn\u00ed-knihy-studiolinka.png 1170w\" sizes=\"auto, (max-width: 300px) 100vw, 300px\" \/><\/a>\n\t\t\t<\/div><\/figure><figure class='gallery-item'>\n\t\t\t<div class='gallery-icon landscape'>\n\t\t\t\t<a href='http:\/\/www.studiolinka.cz\/?attachment_id=597'><img loading=\"lazy\" decoding=\"async\" width=\"300\" height=\"146\" src=\"http:\/\/www.studiolinka.cz\/wp-content\/uploads\/2017\/11\/banner-p\u0159\u00edchovice-leden-\u00fanor-300x146.png\" class=\"attachment-medium size-medium\" alt=\"\" srcset=\"http:\/\/www.studiolinka.cz\/wp-content\/uploads\/2017\/11\/banner-p\u0159\u00edchovice-leden-\u00fanor-300x146.png 300w, http:\/\/www.studiolinka.cz\/wp-content\/uploads\/2017\/11\/banner-p\u0159\u00edchovice-leden-\u00fanor-768x374.png 768w, http:\/\/www.studiolinka.cz\/wp-content\/uploads\/2017\/11\/banner-p\u0159\u00edchovice-leden-\u00fanor-1024x499.png 1024w, http:\/\/www.studiolinka.cz\/wp-content\/uploads\/2017\/11\/banner-p\u0159\u00edchovice-leden-\u00fanor.png 1170w\" sizes=\"auto, (max-width: 300px) 100vw, 300px\" \/><\/a>\n\t\t\t<\/div><\/figure><figure class='gallery-item'>\n\t\t\t<div class='gallery-icon landscape'>\n\t\t\t\t<a href='http:\/\/www.studiolinka.cz\/?attachment_id=592'><img loading=\"lazy\" decoding=\"async\" width=\"300\" height=\"146\" src=\"http:\/\/www.studiolinka.cz\/wp-content\/uploads\/2017\/11\/baner-PF2018-300x146.png\" class=\"attachment-medium size-medium\" alt=\"\" srcset=\"http:\/\/www.studiolinka.cz\/wp-content\/uploads\/2017\/11\/baner-PF2018-300x146.png 300w, http:\/\/www.studiolinka.cz\/wp-content\/uploads\/2017\/11\/baner-PF2018-768x374.png 768w, http:\/\/www.studiolinka.cz\/wp-content\/uploads\/2017\/11\/baner-PF2018-1024x499.png 1024w, http:\/\/www.studiolinka.cz\/wp-content\/uploads\/2017\/11\/baner-PF2018.png 1170w\" sizes=\"auto, (max-width: 300px) 100vw, 300px\" \/><\/a>\n\t\t\t<\/div><\/figure><figure class='gallery-item'>\n\t\t\t<div class='gallery-icon landscape'>\n\t\t\t\t<a href='http:\/\/www.studiolinka.cz\/?attachment_id=590'><img loading=\"lazy\" decoding=\"async\" width=\"300\" height=\"146\" src=\"http:\/\/www.studiolinka.cz\/wp-content\/uploads\/2017\/11\/banner-KV-slider-300x146.png\" class=\"attachment-medium size-medium\" alt=\"\" srcset=\"http:\/\/www.studiolinka.cz\/wp-content\/uploads\/2017\/11\/banner-KV-slider-300x146.png 300w, http:\/\/www.studiolinka.cz\/wp-content\/uploads\/2017\/11\/banner-KV-slider-768x374.png 768w, http:\/\/www.studiolinka.cz\/wp-content\/uploads\/2017\/11\/banner-KV-slider-1024x499.png 1024w, http:\/\/www.studiolinka.cz\/wp-content\/uploads\/2017\/11\/banner-KV-slider.png 1170w\" sizes=\"auto, (max-width: 300px) 100vw, 300px\" \/><\/a>\n\t\t\t<\/div><\/figure><figure class='gallery-item'>\n\t\t\t<div class='gallery-icon landscape'>\n\t\t\t\t<a href='http:\/\/www.studiolinka.cz\/?attachment_id=593'><img loading=\"lazy\" decoding=\"async\" width=\"300\" height=\"146\" src=\"http:\/\/www.studiolinka.cz\/wp-content\/uploads\/2017\/11\/banner-Hejnice-1-300x146.png\" class=\"attachment-medium size-medium\" alt=\"\" srcset=\"http:\/\/www.studiolinka.cz\/wp-content\/uploads\/2017\/11\/banner-Hejnice-1-300x146.png 300w, http:\/\/www.studiolinka.cz\/wp-content\/uploads\/2017\/11\/banner-Hejnice-1-768x374.png 768w, http:\/\/www.studiolinka.cz\/wp-content\/uploads\/2017\/11\/banner-Hejnice-1-1024x499.png 1024w, http:\/\/www.studiolinka.cz\/wp-content\/uploads\/2017\/11\/banner-Hejnice-1.png 1170w\" sizes=\"auto, (max-width: 300px) 100vw, 300px\" \/><\/a>\n\t\t\t<\/div><\/figure><figure class='gallery-item'>\n\t\t\t<div class='gallery-icon landscape'>\n\t\t\t\t<a href='http:\/\/www.studiolinka.cz\/?attachment_id=591'><img loading=\"lazy\" decoding=\"async\" width=\"300\" height=\"133\" src=\"http:\/\/www.studiolinka.cz\/wp-content\/uploads\/2017\/11\/\u00favodn\u00ed-fotka-dltm-fb-300x133.png\" class=\"attachment-medium size-medium\" alt=\"\" srcset=\"http:\/\/www.studiolinka.cz\/wp-content\/uploads\/2017\/11\/\u00favodn\u00ed-fotka-dltm-fb-300x133.png 300w, http:\/\/www.studiolinka.cz\/wp-content\/uploads\/2017\/11\/\u00favodn\u00ed-fotka-dltm-fb-768x341.png 768w, http:\/\/www.studiolinka.cz\/wp-content\/uploads\/2017\/11\/\u00favodn\u00ed-fotka-dltm-fb-1024x455.png 1024w, http:\/\/www.studiolinka.cz\/wp-content\/uploads\/2017\/11\/\u00favodn\u00ed-fotka-dltm-fb.png 1276w\" sizes=\"auto, (max-width: 300px) 100vw, 300px\" \/><\/a>\n\t\t\t<\/div><\/figure><figure class='gallery-item'>\n\t\t\t<div class='gallery-icon landscape'>\n\t\t\t\t<a href='http:\/\/www.studiolinka.cz\/?attachment_id=594'><img loading=\"lazy\" decoding=\"async\" width=\"300\" height=\"146\" src=\"http:\/\/www.studiolinka.cz\/wp-content\/uploads\/2017\/11\/Banner-klaudy\u00e1nova-mapa-spr\u00e1vn\u00fd-300x146.png\" class=\"attachment-medium size-medium\" alt=\"\" srcset=\"http:\/\/www.studiolinka.cz\/wp-content\/uploads\/2017\/11\/Banner-klaudy\u00e1nova-mapa-spr\u00e1vn\u00fd-300x146.png 300w, http:\/\/www.studiolinka.cz\/wp-content\/uploads\/2017\/11\/Banner-klaudy\u00e1nova-mapa-spr\u00e1vn\u00fd-768x374.png 768w, http:\/\/www.studiolinka.cz\/wp-content\/uploads\/2017\/11\/Banner-klaudy\u00e1nova-mapa-spr\u00e1vn\u00fd-1024x499.png 1024w, http:\/\/www.studiolinka.cz\/wp-content\/uploads\/2017\/11\/Banner-klaudy\u00e1nova-mapa-spr\u00e1vn\u00fd.png 1170w\" sizes=\"auto, (max-width: 300px) 100vw, 300px\" \/><\/a>\n\t\t\t<\/div><\/figure><figure class='gallery-item'>\n\t\t\t<div class='gallery-icon landscape'>\n\t\t\t\t<a href='http:\/\/www.studiolinka.cz\/?attachment_id=595'><img loading=\"lazy\" decoding=\"async\" width=\"300\" height=\"146\" src=\"http:\/\/www.studiolinka.cz\/wp-content\/uploads\/2017\/11\/banner-na-FB-300x146.png\" class=\"attachment-medium size-medium\" alt=\"\" srcset=\"http:\/\/www.studiolinka.cz\/wp-content\/uploads\/2017\/11\/banner-na-FB-300x146.png 300w, http:\/\/www.studiolinka.cz\/wp-content\/uploads\/2017\/11\/banner-na-FB-768x374.png 768w, http:\/\/www.studiolinka.cz\/wp-content\/uploads\/2017\/11\/banner-na-FB-1024x499.png 1024w, http:\/\/www.studiolinka.cz\/wp-content\/uploads\/2017\/11\/banner-na-FB.png 1170w\" sizes=\"auto, (max-width: 300px) 100vw, 300px\" \/><\/a>\n\t\t\t<\/div><\/figure><figure class='gallery-item'>\n\t\t\t<div class='gallery-icon landscape'>\n\t\t\t\t<a href='http:\/\/www.studiolinka.cz\/?attachment_id=589'><img loading=\"lazy\" decoding=\"async\" width=\"300\" height=\"146\" src=\"http:\/\/www.studiolinka.cz\/wp-content\/uploads\/2017\/11\/slider-mapa-diec\u00e9ze-300x146.png\" class=\"attachment-medium size-medium\" alt=\"\" srcset=\"http:\/\/www.studiolinka.cz\/wp-content\/uploads\/2017\/11\/slider-mapa-diec\u00e9ze-300x146.png 300w, http:\/\/www.studiolinka.cz\/wp-content\/uploads\/2017\/11\/slider-mapa-diec\u00e9ze-768x374.png 768w, http:\/\/www.studiolinka.cz\/wp-content\/uploads\/2017\/11\/slider-mapa-diec\u00e9ze-1024x499.png 1024w, http:\/\/www.studiolinka.cz\/wp-content\/uploads\/2017\/11\/slider-mapa-diec\u00e9ze.png 1170w\" sizes=\"auto, (max-width: 300px) 100vw, 300px\" \/><\/a>\n\t\t\t<\/div><\/figure><figure class='gallery-item'>\n\t\t\t<div class='gallery-icon landscape'>\n\t\t\t\t<a href='http:\/\/www.studiolinka.cz\/?attachment_id=588'><img loading=\"lazy\" decoding=\"async\" width=\"300\" height=\"146\" src=\"http:\/\/www.studiolinka.cz\/wp-content\/uploads\/2017\/11\/1-varhany-banner-2018-300x146.png\" class=\"attachment-medium size-medium\" alt=\"\" srcset=\"http:\/\/www.studiolinka.cz\/wp-content\/uploads\/2017\/11\/1-varhany-banner-2018-300x146.png 300w, http:\/\/www.studiolinka.cz\/wp-content\/uploads\/2017\/11\/1-varhany-banner-2018-768x374.png 768w, http:\/\/www.studiolinka.cz\/wp-content\/uploads\/2017\/11\/1-varhany-banner-2018-1024x499.png 1024w, http:\/\/www.studiolinka.cz\/wp-content\/uploads\/2017\/11\/1-varhany-banner-2018.png 1170w\" sizes=\"auto, (max-width: 300px) 100vw, 300px\" \/><\/a>\n\t\t\t<\/div><\/figure><figure class='gallery-item'>\n\t\t\t<div class='gallery-icon landscape'>\n\t\t\t\t<a href='http:\/\/www.studiolinka.cz\/?attachment_id=737'><img loading=\"lazy\" decoding=\"async\" width=\"300\" height=\"146\" src=\"http:\/\/www.studiolinka.cz\/wp-content\/uploads\/2017\/11\/banner-Prom\u00edt\u00e1n\u00ed-300x146.png\" class=\"attachment-medium size-medium\" alt=\"\" srcset=\"http:\/\/www.studiolinka.cz\/wp-content\/uploads\/2017\/11\/banner-Prom\u00edt\u00e1n\u00ed-300x146.png 300w, http:\/\/www.studiolinka.cz\/wp-content\/uploads\/2017\/11\/banner-Prom\u00edt\u00e1n\u00ed-768x374.png 768w, http:\/\/www.studiolinka.cz\/wp-content\/uploads\/2017\/11\/banner-Prom\u00edt\u00e1n\u00ed-1024x499.png 1024w, http:\/\/www.studiolinka.cz\/wp-content\/uploads\/2017\/11\/banner-Prom\u00edt\u00e1n\u00ed.png 1170w\" sizes=\"auto, (max-width: 300px) 100vw, 300px\" \/><\/a>\n\t\t\t<\/div><\/figure><figure class='gallery-item'>\n\t\t\t<div class='gallery-icon landscape'>\n\t\t\t\t<a href='http:\/\/www.studiolinka.cz\/?attachment_id=738'><img loading=\"lazy\" decoding=\"async\" width=\"300\" height=\"146\" src=\"http:\/\/www.studiolinka.cz\/wp-content\/uploads\/2017\/11\/velikonoce-2018-300x146.png\" class=\"attachment-medium size-medium\" alt=\"\" srcset=\"http:\/\/www.studiolinka.cz\/wp-content\/uploads\/2017\/11\/velikonoce-2018-300x146.png 300w, http:\/\/www.studiolinka.cz\/wp-content\/uploads\/2017\/11\/velikonoce-2018-768x374.png 768w, http:\/\/www.studiolinka.cz\/wp-content\/uploads\/2017\/11\/velikonoce-2018-1024x499.png 1024w, http:\/\/www.studiolinka.cz\/wp-content\/uploads\/2017\/11\/velikonoce-2018.png 1170w\" sizes=\"auto, (max-width: 300px) 100vw, 300px\" \/><\/a>\n\t\t\t<\/div><\/figure><figure class='gallery-item'>\n\t\t\t<div class='gallery-icon landscape'>\n\t\t\t\t<a href='http:\/\/www.studiolinka.cz\/?attachment_id=739'><img loading=\"lazy\" decoding=\"async\" width=\"300\" height=\"146\" src=\"http:\/\/www.studiolinka.cz\/wp-content\/uploads\/2017\/11\/banner-ne\u0161pory-v-katedr\u00e1le-300x146.png\" class=\"attachment-medium size-medium\" alt=\"\" srcset=\"http:\/\/www.studiolinka.cz\/wp-content\/uploads\/2017\/11\/banner-ne\u0161pory-v-katedr\u00e1le-300x146.png 300w, http:\/\/www.studiolinka.cz\/wp-content\/uploads\/2017\/11\/banner-ne\u0161pory-v-katedr\u00e1le-768x374.png 768w, http:\/\/www.studiolinka.cz\/wp-content\/uploads\/2017\/11\/banner-ne\u0161pory-v-katedr\u00e1le-1024x499.png 1024w, http:\/\/www.studiolinka.cz\/wp-content\/uploads\/2017\/11\/banner-ne\u0161pory-v-katedr\u00e1le.png 1170w\" sizes=\"auto, (max-width: 300px) 100vw, 300px\" \/><\/a>\n\t\t\t<\/div><\/figure><figure class='gallery-item'>\n\t\t\t<div class='gallery-icon landscape'>\n\t\t\t\t<a href='http:\/\/www.studiolinka.cz\/?attachment_id=740'><img loading=\"lazy\" decoding=\"async\" width=\"300\" height=\"146\" src=\"http:\/\/www.studiolinka.cz\/wp-content\/uploads\/2017\/11\/setk\u00e1n\u00ed-liberec-litom\u011b\u0159ice-300x146.png\" class=\"attachment-medium size-medium\" alt=\"\" srcset=\"http:\/\/www.studiolinka.cz\/wp-content\/uploads\/2017\/11\/setk\u00e1n\u00ed-liberec-litom\u011b\u0159ice-300x146.png 300w, http:\/\/www.studiolinka.cz\/wp-content\/uploads\/2017\/11\/setk\u00e1n\u00ed-liberec-litom\u011b\u0159ice-768x374.png 768w, http:\/\/www.studiolinka.cz\/wp-content\/uploads\/2017\/11\/setk\u00e1n\u00ed-liberec-litom\u011b\u0159ice-1024x499.png 1024w, http:\/\/www.studiolinka.cz\/wp-content\/uploads\/2017\/11\/setk\u00e1n\u00ed-liberec-litom\u011b\u0159ice.png 1170w\" sizes=\"auto, (max-width: 300px) 100vw, 300px\" \/><\/a>\n\t\t\t<\/div><\/figure>\n\t\t<\/div>\n\n<p>&nbsp;<\/p>\n","protected":false},"excerpt":{"rendered":"<p>&nbsp;<\/p>\n","protected":false},"author":2,"featured_media":0,"parent":0,"menu_order":2,"comment_status":"closed","ping_status":"closed","template":"","meta":{"footnotes":""},"class_list":["post-475","page","type-page","status-publish","hentry"],"_links":{"self":[{"href":"http:\/\/www.studiolinka.cz\/index.php?rest_route=\/wp\/v2\/pages\/475","targetHints":{"allow":["GET"]}}],"collection":[{"href":"http:\/\/www.studiolinka.cz\/index.php?rest_route=\/wp\/v2\/pages"}],"about":[{"href":"http:\/\/www.studiolinka.cz\/index.php?rest_route=\/wp\/v2\/types\/page"}],"author":[{"embeddable":true,"href":"http:\/\/www.studiolinka.cz\/index.php?rest_route=\/wp\/v2\/users\/2"}],"replies":[{"embeddable":true,"href":"http:\/\/www.studiolinka.cz\/index.php?rest_route=%2Fwp%2Fv2%2Fcomments&post=475"}],"version-history":[{"count":9,"href":"http:\/\/www.studiolinka.cz\/index.php?rest_route=\/wp\/v2\/pages\/475\/revisions"}],"predecessor-version":[{"id":741,"href":"http:\/\/www.studiolinka.cz\/index.php?rest_route=\/wp\/v2\/pages\/475\/revisions\/741"}],"wp:attachment":[{"href":"http:\/\/www.studiolinka.cz\/index.php?rest_route=%2Fwp%2Fv2%2Fmedia&parent=475"}],"curies":[{"name":"wp","href":"https:\/\/api.w.org\/{rel}","templated":true}]}}