{"id":491,"date":"2017-11-07T12:33:33","date_gmt":"2017-11-07T12:33:33","guid":{"rendered":"http:\/\/www.studiolinka.cz\/?page_id=491"},"modified":"2021-02-20T20:36:32","modified_gmt":"2021-02-20T20:36:32","slug":"casopisy-publikace","status":"publish","type":"page","link":"http:\/\/www.studiolinka.cz\/?page_id=491","title":{"rendered":"\u010casopisy \/ publikace"},"content":{"rendered":"\n<ul class=\"wp-block-list\"><li><strong>\u010casopis litom\u011b\u0159ick\u00e9 diec\u00e9ze ZDISLAVA<\/strong>  <\/li><li>Zdislava 2021\/1 <\/li><li><strong><a href=\"https:\/\/www.dltm.cz\/file\/132209\/zdislava-5-2020-posledni-verze.pdf\">Zdislava 2020\/5<\/a><\/strong> <\/li><li><strong><a href=\"https:\/\/www.dltm.cz\/file\/132208\/zdislava-4-2020-posledni-verze.pdf\">Zdislava 2020\/4<\/a> <\/strong><\/li><li><strong><a href=\"https:\/\/www.dltm.cz\/file\/127891\/zdislava-2-3-2020-posledni-verze.pdf\">Zdislava 2020\/2-3<\/a><\/strong><\/li><li><strong><a href=\"https:\/\/www.dltm.cz\/file\/127890\/zdislava-1-2020-posledni-verze.pdf\">Zdislava 2020\/1<\/a> <\/strong><\/li><li><strong><a href=\"https:\/\/www.dltm.cz\/file\/127889\/zdislava-5-2019-posledni-verze.pdf\">Zdislava 2019\/5<\/a> <\/strong><\/li><li><strong><a href=\"https:\/\/www.dltm.cz\/file\/127888\/zdislava-4-2019-posledni-verze.pdf\">Zdislava 2019\/4<\/a> <\/strong><\/li><li><strong><a href=\"https:\/\/www.dltm.cz\/file\/127887\/zdislava-3-2019-posledni-verze.pdf\">Zdislava 2019\/3<\/a>  <\/strong><\/li><li><strong><a href=\"https:\/\/www.dltm.cz\/file\/127886\/zdislava-2-2019-posledni-verze.pdf\">Zdislava 2019\/2<\/a><\/strong><\/li><li><strong><a href=\"https:\/\/www.dltm.cz\/file\/127885\/zdislava-1-2019.pdf\">Zdislava 2019\/1<\/a><\/strong><\/li><li><strong><a href=\"https:\/\/www.dltm.cz\/file\/90548\/zdislava-5-2018-f.pdf\">Zdislava 2018\/5<\/a> <\/strong><\/li><li><strong><a href=\"https:\/\/www.dltm.cz\/file\/90547\/zdislava-4-2018-f.pdf\">Zdislava 2018\/4<\/a> <\/strong><\/li><li><strong><a href=\"https:\/\/www.dltm.cz\/file\/90546\/zdislava-3-2018-f.pdf\">Zdislava 2018\/3<\/a><\/strong><\/li><li><strong><a href=\"https:\/\/www.dltm.cz\/file\/90545\/zdislava-2-2018-f.pdf\">Zdislava 2018\/2 <\/a><\/strong><\/li><li><strong><a href=\"https:\/\/www.dltm.cz\/file\/90544\/zdislava-1-2018-f.pdf\">Zdislava 2018\/1<\/a> <\/strong><\/li><li><strong><a rel=\"noreferrer noopener\" href=\"https:\/\/www.dltm.cz\/file\/36335\/zdislava-special-4-5-2018.pdf\" target=\"_blank\">Zdislava 2017\/4-5<\/a><\/strong><\/li><li><strong><a rel=\"noreferrer noopener\" href=\"https:\/\/www.dltm.cz\/file\/29028\/zdislava-3-konecna-verze.pdf\" target=\"_blank\">Zdislava 2017\/3<\/a><\/strong><\/li><li><strong><a rel=\"noreferrer noopener\" href=\"https:\/\/www.dltm.cz\/file\/27293\/zdislava-2-2017.pdf\" target=\"_blank\">Zdislava 2017\/2<\/a> <\/strong><\/li><\/ul>\n\n\n\n<div class=\"wp-block-group\"><div class=\"wp-block-group__inner-container is-layout-flow wp-block-group-is-layout-flow\">\n<figure class=\"wp-block-gallery alignleft columns-3 is-cropped wp-block-gallery-1 is-layout-flex wp-block-gallery-is-layout-flex\"><ul class=\"blocks-gallery-grid\"><li class=\"blocks-gallery-item\"><figure><img loading=\"lazy\" decoding=\"async\" width=\"725\" height=\"1024\" src=\"http:\/\/www.studiolinka.cz\/wp-content\/uploads\/2017\/11\/obalka-ut-videam-725x1024.jpg\" alt=\"\" data-id=\"880\" data-full-url=\"http:\/\/www.studiolinka.cz\/wp-content\/uploads\/2017\/11\/obalka-ut-videam.jpg\" data-link=\"http:\/\/www.studiolinka.cz\/?attachment_id=880\" class=\"wp-image-880\" srcset=\"http:\/\/www.studiolinka.cz\/wp-content\/uploads\/2017\/11\/obalka-ut-videam-725x1024.jpg 725w, http:\/\/www.studiolinka.cz\/wp-content\/uploads\/2017\/11\/obalka-ut-videam-212x300.jpg 212w, http:\/\/www.studiolinka.cz\/wp-content\/uploads\/2017\/11\/obalka-ut-videam-768x1085.jpg 768w, http:\/\/www.studiolinka.cz\/wp-content\/uploads\/2017\/11\/obalka-ut-videam.jpg 830w\" sizes=\"auto, (max-width: 725px) 100vw, 725px\" \/><\/figure><\/li><li class=\"blocks-gallery-item\"><figure><img loading=\"lazy\" decoding=\"async\" width=\"722\" height=\"1024\" src=\"http:\/\/www.studiolinka.cz\/wp-content\/uploads\/2017\/11\/Katalog-Diec\u00e9ze-2019-ob\u00e1lka-722x1024.jpg\" alt=\"\" data-id=\"885\" data-full-url=\"http:\/\/www.studiolinka.cz\/wp-content\/uploads\/2017\/11\/Katalog-Diec\u00e9ze-2019-ob\u00e1lka.jpg\" data-link=\"http:\/\/www.studiolinka.cz\/?attachment_id=885\" class=\"wp-image-885\" srcset=\"http:\/\/www.studiolinka.cz\/wp-content\/uploads\/2017\/11\/Katalog-Diec\u00e9ze-2019-ob\u00e1lka-722x1024.jpg 722w, http:\/\/www.studiolinka.cz\/wp-content\/uploads\/2017\/11\/Katalog-Diec\u00e9ze-2019-ob\u00e1lka-211x300.jpg 211w, http:\/\/www.studiolinka.cz\/wp-content\/uploads\/2017\/11\/Katalog-Diec\u00e9ze-2019-ob\u00e1lka-768x1090.jpg 768w, http:\/\/www.studiolinka.cz\/wp-content\/uploads\/2017\/11\/Katalog-Diec\u00e9ze-2019-ob\u00e1lka.jpg 1748w\" sizes=\"auto, (max-width: 722px) 100vw, 722px\" \/><\/figure><\/li><li class=\"blocks-gallery-item\"><figure><img loading=\"lazy\" decoding=\"async\" width=\"420\" height=\"595\" src=\"http:\/\/www.studiolinka.cz\/wp-content\/uploads\/2017\/11\/Katalog-Diec\u00e9ze-2018-ob\u00e1lka-web-1.png\" alt=\"\" data-id=\"709\" data-full-url=\"http:\/\/www.studiolinka.cz\/wp-content\/uploads\/2017\/11\/Katalog-Diec\u00e9ze-2018-ob\u00e1lka-web-1.png\" data-link=\"http:\/\/www.studiolinka.cz\/?attachment_id=709\" class=\"wp-image-709\" srcset=\"http:\/\/www.studiolinka.cz\/wp-content\/uploads\/2017\/11\/Katalog-Diec\u00e9ze-2018-ob\u00e1lka-web-1.png 420w, http:\/\/www.studiolinka.cz\/wp-content\/uploads\/2017\/11\/Katalog-Diec\u00e9ze-2018-ob\u00e1lka-web-1-212x300.png 212w\" sizes=\"auto, (max-width: 420px) 100vw, 420px\" \/><\/figure><\/li><\/ul><\/figure>\n\n<\/div>\n<\/div>\n\n\n\n<div class=\"wp-block-group\"><div class=\"wp-block-group__inner-container is-layout-flow wp-block-group-is-layout-flow\">\n<div class=\"wp-block-image\"><figure class=\"aligncenter\"><a href=\"https:\/\/www.dltm.cz\/file\/79879\/vz-2018-web-uprava6.pdf\"><img loading=\"lazy\" decoding=\"async\" width=\"724\" height=\"1024\" src=\"http:\/\/www.studiolinka.cz\/wp-content\/uploads\/2017\/11\/v\u00fdro\u010dka-2018-ob\u00e1lka-724x1024.jpg\" alt=\"\" class=\"wp-image-869\" srcset=\"http:\/\/www.studiolinka.cz\/wp-content\/uploads\/2017\/11\/v\u00fdro\u010dka-2018-ob\u00e1lka-724x1024.jpg 724w, http:\/\/www.studiolinka.cz\/wp-content\/uploads\/2017\/11\/v\u00fdro\u010dka-2018-ob\u00e1lka-212x300.jpg 212w, http:\/\/www.studiolinka.cz\/wp-content\/uploads\/2017\/11\/v\u00fdro\u010dka-2018-ob\u00e1lka-768x1086.jpg 768w\" sizes=\"auto, (max-width: 724px) 100vw, 724px\" \/><\/a><\/figure>\n<\/div>\n\n\n\n<div class=\"wp-block-image\"><figure class=\"aligncenter\"><a href=\"https:\/\/www.dltm.cz\/file\/43538\/vz-2017-final.pdf\"><img loading=\"lazy\" decoding=\"async\" width=\"724\" height=\"1024\" src=\"http:\/\/www.studiolinka.cz\/wp-content\/uploads\/2017\/11\/v\u00fdro\u010dka-2017-ob\u00e1lka-724x1024.jpg\" alt=\"\" class=\"wp-image-867\" srcset=\"http:\/\/www.studiolinka.cz\/wp-content\/uploads\/2017\/11\/v\u00fdro\u010dka-2017-ob\u00e1lka-724x1024.jpg 724w, http:\/\/www.studiolinka.cz\/wp-content\/uploads\/2017\/11\/v\u00fdro\u010dka-2017-ob\u00e1lka-212x300.jpg 212w, http:\/\/www.studiolinka.cz\/wp-content\/uploads\/2017\/11\/v\u00fdro\u010dka-2017-ob\u00e1lka-768x1086.jpg 768w\" sizes=\"auto, (max-width: 724px) 100vw, 724px\" \/><\/a><\/figure>\n<\/div>\n\n<\/div>\n<\/div>\n","protected":false},"excerpt":{"rendered":"<p>\u010casopis litom\u011b\u0159ick\u00e9 diec\u00e9ze ZDISLAVA Zdislava 2021\/1 Zdislava 2020\/5 Zdislava 2020\/4 Zdislava 2020\/2-3 Zdislava 2020\/1 Zdislava 2019\/5 Zdislava 2019\/4 Zdislava 2019\/3 Zdislava 2019\/2 Zdislava 2019\/1 Zdislava 2018\/5 Zdislava 2018\/4 Zdislava 2018\/3 Zdislava 2018\/2 Zdislava 2018\/1 Zdislava 2017\/4-5 Zdislava 2017\/3 Zdislava 2017\/2<\/p>\n","protected":false},"author":2,"featured_media":0,"parent":0,"menu_order":3,"comment_status":"closed","ping_status":"closed","template":"","meta":{"footnotes":""},"class_list":["post-491","page","type-page","status-publish","hentry"],"_links":{"self":[{"href":"http:\/\/www.studiolinka.cz\/index.php?rest_route=\/wp\/v2\/pages\/491","targetHints":{"allow":["GET"]}}],"collection":[{"href":"http:\/\/www.studiolinka.cz\/index.php?rest_route=\/wp\/v2\/pages"}],"about":[{"href":"http:\/\/www.studiolinka.cz\/index.php?rest_route=\/wp\/v2\/types\/page"}],"author":[{"embeddable":true,"href":"http:\/\/www.studiolinka.cz\/index.php?rest_route=\/wp\/v2\/users\/2"}],"replies":[{"embeddable":true,"href":"http:\/\/www.studiolinka.cz\/index.php?rest_route=%2Fwp%2Fv2%2Fcomments&post=491"}],"version-history":[{"count":132,"href":"http:\/\/www.studiolinka.cz\/index.php?rest_route=\/wp\/v2\/pages\/491\/revisions"}],"predecessor-version":[{"id":942,"href":"http:\/\/www.studiolinka.cz\/index.php?rest_route=\/wp\/v2\/pages\/491\/revisions\/942"}],"wp:attachment":[{"href":"http:\/\/www.studiolinka.cz\/index.php?rest_route=%2Fwp%2Fv2%2Fmedia&parent=491"}],"curies":[{"name":"wp","href":"https:\/\/api.w.org\/{rel}","templated":true}]}}