{"id":74,"date":"2013-01-05T15:24:35","date_gmt":"2013-01-05T15:24:35","guid":{"rendered":"http:\/\/www.montannispolecnost.cz\/elvira\/?page_id=74"},"modified":"2017-11-07T14:48:46","modified_gmt":"2017-11-07T14:48:46","slug":"prace-studia","status":"publish","type":"page","link":"http:\/\/www.studiolinka.cz\/?page_id=74","title":{"rendered":"Zam\u011b\u0159en\u00ed studia"},"content":{"rendered":"<p><a href=\"http:\/\/www.studiolinka.cz\/?page_id=110\"><\/a><a href=\"http:\/\/www.studiolinka.cz\/?page_id=110\"><img loading=\"lazy\" decoding=\"async\" class=\"aligncenter wp-image-534 size-full\" title=\"Letak-STUDIO-2017\" src=\"http:\/\/www.studiolinka.cz\/wp-content\/uploads\/2013\/01\/Letak-STUDIO-2014.png\" alt=\"\" width=\"827\" height=\"1169\" srcset=\"http:\/\/www.studiolinka.cz\/wp-content\/uploads\/2013\/01\/Letak-STUDIO-2014.png 827w, http:\/\/www.studiolinka.cz\/wp-content\/uploads\/2013\/01\/Letak-STUDIO-2014-212x300.png 212w, http:\/\/www.studiolinka.cz\/wp-content\/uploads\/2013\/01\/Letak-STUDIO-2014-768x1086.png 768w, http:\/\/www.studiolinka.cz\/wp-content\/uploads\/2013\/01\/Letak-STUDIO-2014-724x1024.png 724w\" sizes=\"auto, (max-width: 827px) 100vw, 827px\" \/><\/a><\/p>\n<div id='gallery-1' class='gallery galleryid-74 gallery-columns-4 gallery-size-thumbnail'><figure class='gallery-item'>\n\t\t\t<div class='gallery-icon landscape'>\n\t\t\t\t<a href='http:\/\/www.studiolinka.cz\/?attachment_id=422'><img loading=\"lazy\" decoding=\"async\" width=\"150\" height=\"150\" src=\"http:\/\/www.studiolinka.cz\/wp-content\/uploads\/2013\/01\/kalend1-150x150.jpg\" class=\"attachment-thumbnail size-thumbnail\" alt=\"\" \/><\/a>\n\t\t\t<\/div><\/figure><figure class='gallery-item'>\n\t\t\t<div class='gallery-icon landscape'>\n\t\t\t\t<a href='http:\/\/www.studiolinka.cz\/?attachment_id=423'><img loading=\"lazy\" decoding=\"async\" width=\"150\" height=\"150\" src=\"http:\/\/www.studiolinka.cz\/wp-content\/uploads\/2013\/01\/kalend2-150x150.jpg\" class=\"attachment-thumbnail size-thumbnail\" alt=\"\" \/><\/a>\n\t\t\t<\/div><\/figure><figure class='gallery-item'>\n\t\t\t<div class='gallery-icon landscape'>\n\t\t\t\t<a href='http:\/\/www.studiolinka.cz\/?attachment_id=424'><img loading=\"lazy\" decoding=\"async\" width=\"150\" height=\"150\" src=\"http:\/\/www.studiolinka.cz\/wp-content\/uploads\/2013\/01\/kalend3-150x150.jpg\" class=\"attachment-thumbnail size-thumbnail\" alt=\"\" \/><\/a>\n\t\t\t<\/div><\/figure><figure class='gallery-item'>\n\t\t\t<div class='gallery-icon landscape'>\n\t\t\t\t<a href='http:\/\/www.studiolinka.cz\/?attachment_id=425'><img loading=\"lazy\" decoding=\"async\" width=\"150\" height=\"150\" src=\"http:\/\/www.studiolinka.cz\/wp-content\/uploads\/2013\/01\/kalend4-150x150.jpg\" class=\"attachment-thumbnail size-thumbnail\" alt=\"\" \/><\/a>\n\t\t\t<\/div><\/figure>\n\t\t<\/div>\n\n","protected":false},"excerpt":{"rendered":"","protected":false},"author":2,"featured_media":0,"parent":0,"menu_order":1,"comment_status":"closed","ping_status":"closed","template":"","meta":{"footnotes":""},"class_list":["post-74","page","type-page","status-publish","hentry"],"_links":{"self":[{"href":"http:\/\/www.studiolinka.cz\/index.php?rest_route=\/wp\/v2\/pages\/74","targetHints":{"allow":["GET"]}}],"collection":[{"href":"http:\/\/www.studiolinka.cz\/index.php?rest_route=\/wp\/v2\/pages"}],"about":[{"href":"http:\/\/www.studiolinka.cz\/index.php?rest_route=\/wp\/v2\/types\/page"}],"author":[{"embeddable":true,"href":"http:\/\/www.studiolinka.cz\/index.php?rest_route=\/wp\/v2\/users\/2"}],"replies":[{"embeddable":true,"href":"http:\/\/www.studiolinka.cz\/index.php?rest_route=%2Fwp%2Fv2%2Fcomments&post=74"}],"version-history":[{"count":12,"href":"http:\/\/www.studiolinka.cz\/index.php?rest_route=\/wp\/v2\/pages\/74\/revisions"}],"predecessor-version":[{"id":537,"href":"http:\/\/www.studiolinka.cz\/index.php?rest_route=\/wp\/v2\/pages\/74\/revisions\/537"}],"wp:attachment":[{"href":"http:\/\/www.studiolinka.cz\/index.php?rest_route=%2Fwp%2Fv2%2Fmedia&parent=74"}],"curies":[{"name":"wp","href":"https:\/\/api.w.org\/{rel}","templated":true}]}}